{"id":723,"date":"2020-07-27T21:57:29","date_gmt":"2020-07-27T19:57:29","guid":{"rendered":"http:\/\/www2.musilova.net\/?page_id=723"},"modified":"2021-02-05T23:43:35","modified_gmt":"2021-02-05T21:43:35","slug":"o-mne","status":"publish","type":"page","link":"https:\/\/www.musilova.net\/?page_id=723","title":{"rendered":"O mn\u011b"},"content":{"rendered":"[vc_row][vc_column parallax=&#8221;content-moving&#8221; css_animation=&#8221;bounceInDown&#8221;][vc_column_text]\r\n<h2 style=\"text-align: center;\">TO JSEM J\u00c1, MY &#8230; MOJE RODINA!<\/h2>\r\n[\/vc_column_text][\/vc_column][\/vc_row][vc_row][vc_column parallax=&#8221;content-moving&#8221; css_animation=&#8221;bounceInUp&#8221;][vc_column_text]\r\n\r\n<h4 style=\"text-align: center;\"><strong>a bez nich by to ne\u0161lo!<\/strong><\/h4>\r\n<h4 style=\"text-align: center;\"><span style=\"color: #000000;\"><strong>\u00a0<\/strong><\/span><\/h4>\r\n<div class=\"wp-block-image\">\r\n<figure class=\"aligncenter size-large\"><img decoding=\"async\" src=\"https:\/\/www.musilova.net\/wp-content\/uploads\/my-1024x674.jpg\" alt=\"\" \/><\/figure>\r\n<\/div>\r\n\r\n<p>&nbsp;<\/p>\r\n\r\n<p class=\"has-normal-font-size\" style=\"text-align: center;\">\u00a0<\/p>\r\n<p>&nbsp;<\/p>\r\n<p class=\"has-normal-font-size\" style=\"text-align: center;\"><span style=\"color: #000000;\">Jmenuji se Jana Musilov\u00e1. M\u00e1m t\u0159i d\u011bti, a jsou to ti nejn\u00e1ro\u010dn\u011bj\u0161\u00ed fotomodelov\u00e9, kte\u0159\u00ed p\u0159ed fo\u0165\u00e1kem stoj\u00ed.<\/span><\/p>\r\n<h4 class=\"wp-block-heading\" style=\"text-align: center;\"><span style=\"color: #000000;\">Vlastn\u011b nestoj\u00ed, v\u016fbec nepostoj\u00ed a po\u0159\u00e1d b\u011bhaj\u00ed \ud83d\ude42 Ale o tom to je&#8230; Jsou takov\u00ed!<\/span><\/h4>\r\n<h4>\u00a0<\/h4>\r\n<h4 style=\"text-align: center;\"><span style=\"color: #000000;\">Miluju, kdy\u017e ve fotk\u00e1ch z\u016fst\u00e1v\u00e1 vid\u011bt radost a \u0161t\u011bst\u00ed, \u017ee m\u00e1te jeden druh\u00e9ho. <br \/><\/span><\/h4>\r\n<h4 style=\"text-align: center;\"><span style=\"color: #000000;\"> <\/span><\/h4>\r\n<p>&nbsp;<\/p>\r\n<h4 class=\"has-normal-font-size\" style=\"text-align: center;\"><span style=\"color: #000000;\"><!-- \/wp:post-content --><\/span><\/h4>\r\n<h4 style=\"text-align: center;\"><span style=\"color: #000000;\"><!-- wp:paragraph {\"fontSize\":\"huge\"} --><\/span><\/h4>\r\n<h4>\u00a0<\/h4>\r\n<h4 style=\"text-align: center;\"><span style=\"color: #000000;\">Zachyt\u00edm fotky, jac\u00ed skute\u010dn\u011b jste!<\/span><\/h4>\r\n<h4>\u00a0<\/h4>\r\n<h4 style=\"text-align: center;\"><span style=\"color: #000000;\"><!-- wp:heading {\"fontSize\":\"huge\"} --><\/span><\/h4>\r\n<h4 style=\"text-align: center;\"><strong><span style=\"color: #000000;\">Na sv\u011bt\u011b nejsou nejkr\u00e1sn\u011bj\u0161\u00ed v\u011bci, ale OKAM\u017dIKY!<\/span><\/strong><\/h4>\r\n<blockquote>\r\n<h4 style=\"text-align: center;\"><strong><span style=\"color: #000000;\">(Karel \u010capek)<\/span><\/strong><\/h4>\r\n<\/blockquote>\r\n<p><span style=\"color: #000000;\">[\/vc_column_text][\/vc_column][\/vc_row][vc_row][vc_column][vc_column_text]<\/span><\/p>\r\n<div>\u00a0<\/div>\r\n<div>\u00a0<\/div>\r\n<div>\u00a0<\/div>\r\n<div>\u00a0<\/div>\r\n<div>\u00a0<\/div>\r\n<div>\u00a0<\/div>\r\n[\/vc_column_text][\/vc_column][\/vc_row]<!-- \/wp:heading -->","protected":false},"excerpt":{"rendered":"<p>[vc_row][vc_column parallax=&#8221;content-moving&#8221; css_animation=&#8221;bounceInDown&#8221;][vc_column_text] TO JSEM J\u00c1, MY &#8230; MOJE RODINA! [\/vc_column_text][\/vc_column][\/vc_row][vc_row][vc_column parallax=&#8221;content-moving&#8221; css_animation=&#8221;bounceInUp&#8221;][vc_column_text] &nbsp; \u00a0&#8230;<\/p>\n","protected":false},"author":1,"featured_media":2137,"parent":0,"menu_order":0,"comment_status":"closed","ping_status":"closed","template":"","meta":{"footnotes":""},"class_list":["post-723","page","type-page","status-publish","has-post-thumbnail","hentry"],"_links":{"self":[{"href":"https:\/\/www.musilova.net\/index.php?rest_route=\/wp\/v2\/pages\/723","targetHints":{"allow":["GET"]}}],"collection":[{"href":"https:\/\/www.musilova.net\/index.php?rest_route=\/wp\/v2\/pages"}],"about":[{"href":"https:\/\/www.musilova.net\/index.php?rest_route=\/wp\/v2\/types\/page"}],"author":[{"embeddable":true,"href":"https:\/\/www.musilova.net\/index.php?rest_route=\/wp\/v2\/users\/1"}],"replies":[{"embeddable":true,"href":"https:\/\/www.musilova.net\/index.php?rest_route=%2Fwp%2Fv2%2Fcomments&post=723"}],"version-history":[{"count":93,"href":"https:\/\/www.musilova.net\/index.php?rest_route=\/wp\/v2\/pages\/723\/revisions"}],"predecessor-version":[{"id":2631,"href":"https:\/\/www.musilova.net\/index.php?rest_route=\/wp\/v2\/pages\/723\/revisions\/2631"}],"wp:featuredmedia":[{"embeddable":true,"href":"https:\/\/www.musilova.net\/index.php?rest_route=\/wp\/v2\/media\/2137"}],"wp:attachment":[{"href":"https:\/\/www.musilova.net\/index.php?rest_route=%2Fwp%2Fv2%2Fmedia&parent=723"}],"curies":[{"name":"wp","href":"https:\/\/api.w.org\/{rel}","templated":true}]}}