{"id":720,"date":"2020-07-27T21:57:29","date_gmt":"2020-07-27T19:57:29","guid":{"rendered":"http:\/\/www2.musilova.net\/?page_id=720"},"modified":"2023-08-09T13:10:43","modified_gmt":"2023-08-09T11:10:43","slug":"kontakt","status":"publish","type":"page","link":"https:\/\/www.musilova.net\/?page_id=720","title":{"rendered":"Napi\u0161te mi &#8230;"},"content":{"rendered":"[vc_row][vc_column][vc_column_text]\n<h1>R\u00e1di byste si rezervovali\u00a0 term\u00edn?<\/h1>\n<p>&nbsp;<\/p>\n<h2>Sta\u010d\u00ed mn\u011b napsat na email: <a href=\"mailto:jana@musilova.net\"><span style=\"color: #808080;\">jana@musilova.net<\/span><\/a><\/h2>\n<p>&nbsp;<\/p>\n<h3>Najdete m\u011b na soci\u00e1ln\u00edch s\u00edt\u00edch<\/h3>\n\n<div class=\"wp-block-columns is-layout-flex wp-container-core-columns-is-layout-9d6595d7 wp-block-columns-is-layout-flex\">\n<div class=\"wp-block-column is-layout-flow wp-block-column-is-layout-flow\" style=\"flex-basis: 100%;\">\u00a0<\/div>\n\n<\/div>\n\n\n<div class=\"wp-block-group\"><div class=\"wp-block-group__inner-container is-layout-flow wp-block-group-is-layout-flow\">\n<div class=\"wp-block-columns is-layout-flex wp-container-core-columns-is-layout-9d6595d7 wp-block-columns-is-layout-flex\">\n<div class=\"wp-block-column is-vertically-aligned-center is-layout-flow wp-block-column-is-layout-flow\" style=\"flex-basis: 100%;\">\n<figure class=\"wp-block-image size-large is-resized\">\n<p align=\"center\"><a href=\"https:\/\/www.instagram.com\/fotografka_janamusilova\/\" target=\"_blank\" rel=\"noopener\"> <img loading=\"lazy\" decoding=\"async\" class=\"wp-image-2151\" src=\"https:\/\/www.musilova.net\/wp-content\/uploads\/Instagram_logo_2016.svg_.png\" alt=\"\" width=\"93\" height=\"93\" srcset=\"https:\/\/www.musilova.net\/wp-content\/uploads\/Instagram_logo_2016.svg_.png 132w, https:\/\/www.musilova.net\/wp-content\/uploads\/Instagram_logo_2016.svg_-50x50.png 50w\" sizes=\"auto, (max-width: 93px) 100vw, 93px\" \/><\/a> \u00a0 \u00a0 \u00a0 \u00a0 \u00a0 \u00a0 \u00a0 <a href=\"https:\/\/www.instagram.com\/janamusilova_svatby\/\" target=\"_blank\" rel=\"noopener\"> <img loading=\"lazy\" decoding=\"async\" class=\"wp-image-2151\" src=\"https:\/\/www.musilova.net\/wp-content\/uploads\/instagram_logo_2016_svatby.png\" alt=\"\" width=\"93\" height=\"93\" \/><\/a> \u00a0 \u00a0 \u00a0 \u00a0 \u00a0 \u00a0 \u00a0 <a href=\"https:\/\/www.facebook.com\/Fotografka-Jana-Musilov%C3%A1-1836316376581012\/\" target=\"_blank\" rel=\"noopener\"> <img loading=\"lazy\" decoding=\"async\" class=\"wp-image-2150\" src=\"https:\/\/www.musilova.net\/wp-content\/uploads\/facebook.png\" alt=\"\" width=\"91\" height=\"91\" srcset=\"https:\/\/www.musilova.net\/wp-content\/uploads\/facebook.png 1024w, https:\/\/www.musilova.net\/wp-content\/uploads\/facebook-300x300.png 300w, https:\/\/www.musilova.net\/wp-content\/uploads\/facebook-150x150.png 150w, https:\/\/www.musilova.net\/wp-content\/uploads\/facebook-768x768.png 768w, https:\/\/www.musilova.net\/wp-content\/uploads\/facebook-50x50.png 50w\" sizes=\"auto, (max-width: 91px) 100vw, 91px\" \/><\/a><\/p>\n<\/figure>\n\n<\/div>\n\n<\/div>\n\n<\/div><\/div>\n\n<p>\u00a0<\/p>\n\n\n<h1 class=\"wp-block-heading\"><strong>FOTOATELI\u00c9R<\/strong><\/h1>\n\n\n<h5 class=\"wp-block-heading\">\u00a0<\/h5>\n\n\n<ul class=\"wp-block-list\">\n<li>Pustim\u011b\u0159 117, 683 21 Pustim\u011b\u0159<\/li>\n<\/ul>\n\n\n<h5 class=\"wp-block-heading\">\u00a0<\/h5>\n\n\n<ul class=\"wp-block-list\">\n<li>(dru\u017estvo Morava)<\/li>\n<\/ul>\n\n\n<h5 class=\"wp-block-heading\">\u00a0<\/h5>\n\n\n<ul class=\"wp-block-list\">\n<li>I\u010cO: 74634721<\/li>\n<li>Tel.: 603216446<\/li>\n<\/ul>\n\n<p>\u00a0<\/p>\n\n<p>&nbsp;<\/p>\n[\/vc_column_text][\/vc_column][\/vc_row]\n","protected":false},"excerpt":{"rendered":"<p>[vc_row][vc_column][vc_column_text] R\u00e1di byste si rezervovali\u00a0 term\u00edn? &nbsp; Sta\u010d\u00ed mn\u011b napsat na email: jana@musilova.net &nbsp; Najdete&#8230;<\/p>\n","protected":false},"author":1,"featured_media":2175,"parent":0,"menu_order":0,"comment_status":"closed","ping_status":"closed","template":"","meta":{"footnotes":""},"class_list":["post-720","page","type-page","status-publish","has-post-thumbnail","hentry"],"_links":{"self":[{"href":"https:\/\/www.musilova.net\/index.php?rest_route=\/wp\/v2\/pages\/720","targetHints":{"allow":["GET"]}}],"collection":[{"href":"https:\/\/www.musilova.net\/index.php?rest_route=\/wp\/v2\/pages"}],"about":[{"href":"https:\/\/www.musilova.net\/index.php?rest_route=\/wp\/v2\/types\/page"}],"author":[{"embeddable":true,"href":"https:\/\/www.musilova.net\/index.php?rest_route=\/wp\/v2\/users\/1"}],"replies":[{"embeddable":true,"href":"https:\/\/www.musilova.net\/index.php?rest_route=%2Fwp%2Fv2%2Fcomments&post=720"}],"version-history":[{"count":60,"href":"https:\/\/www.musilova.net\/index.php?rest_route=\/wp\/v2\/pages\/720\/revisions"}],"predecessor-version":[{"id":2844,"href":"https:\/\/www.musilova.net\/index.php?rest_route=\/wp\/v2\/pages\/720\/revisions\/2844"}],"wp:featuredmedia":[{"embeddable":true,"href":"https:\/\/www.musilova.net\/index.php?rest_route=\/wp\/v2\/media\/2175"}],"wp:attachment":[{"href":"https:\/\/www.musilova.net\/index.php?rest_route=%2Fwp%2Fv2%2Fmedia&parent=720"}],"curies":[{"name":"wp","href":"https:\/\/api.w.org\/{rel}","templated":true}]}}