{"id":694,"date":"2020-06-24T19:15:18","date_gmt":"2020-06-24T19:15:18","guid":{"rendered":"http:\/\/www2.musilova.net\/?page_id=694"},"modified":"2026-01-01T17:19:18","modified_gmt":"2026-01-01T15:19:18","slug":"cenik","status":"publish","type":"page","link":"https:\/\/www.musilova.net\/?page_id=694","title":{"rendered":"Cen\u00edk"},"content":{"rendered":"<h1 style=\"text-align: center;\">Cen\u00edk platn\u00fd od 1.1.2026<\/h1>\r\n<h6 style=\"text-align: center;\">Objedn\u00e1n\u00edm se na focen\u00ed potvrzujete p\u0159ijet\u00ed obchodn\u00edch podm\u00ednek a jejich srozumn\u011bn\u00ed s nimi.<\/h6>\r\n\r\n<div class=\"wp-block-columns is-layout-flex wp-container-core-columns-is-layout-9d6595d7 wp-block-columns-is-layout-flex\">\r\n<div class=\"wp-block-column is-layout-flow wp-block-column-is-layout-flow\"><div class=\"wp-block-image is-style-default\">\r\n<figure class=\"aligncenter size-medium\"><a href=\"https:\/\/www.musilova.net\/?page_id=1244\"><img loading=\"lazy\" decoding=\"async\" width=\"300\" height=\"200\" class=\"wp-image-1597\" src=\"https:\/\/www.musilova.net\/wp-content\/uploads\/uvodni_rodinne-1-300x200.jpg\" alt=\"\" srcset=\"https:\/\/www.musilova.net\/wp-content\/uploads\/uvodni_rodinne-1-300x200.jpg 300w, https:\/\/www.musilova.net\/wp-content\/uploads\/uvodni_rodinne-1-1024x683.jpg 1024w, https:\/\/www.musilova.net\/wp-content\/uploads\/uvodni_rodinne-1-768x513.jpg 768w, https:\/\/www.musilova.net\/wp-content\/uploads\/uvodni_rodinne-1-1536x1025.jpg 1536w, https:\/\/www.musilova.net\/wp-content\/uploads\/uvodni_rodinne-1-2048x1367.jpg 2048w, https:\/\/www.musilova.net\/wp-content\/uploads\/uvodni_rodinne-1-604x400.jpg 604w\" sizes=\"auto, (max-width: 300px) 100vw, 300px\" \/><\/a><\/figure>\r\n<\/div><\/div>\r\n\r\n\r\n\r\n<div class=\"wp-block-column is-layout-flow wp-block-column-is-layout-flow\"><div class=\"wp-block-image is-style-default\">\r\n<figure class=\"aligncenter size-medium\"><a href=\"https:\/\/www.musilova.net\/?page_id=1271\"><img loading=\"lazy\" decoding=\"async\" width=\"300\" height=\"200\" class=\"wp-image-1371\" src=\"https:\/\/www.musilova.net\/wp-content\/uploads\/uvod_tehu-300x200.jpg\" alt=\"\" srcset=\"https:\/\/www.musilova.net\/wp-content\/uploads\/uvod_tehu-300x200.jpg 300w, https:\/\/www.musilova.net\/wp-content\/uploads\/uvod_tehu-1024x683.jpg 1024w, https:\/\/www.musilova.net\/wp-content\/uploads\/uvod_tehu-768x513.jpg 768w, https:\/\/www.musilova.net\/wp-content\/uploads\/uvod_tehu-1536x1025.jpg 1536w, https:\/\/www.musilova.net\/wp-content\/uploads\/uvod_tehu-2048x1367.jpg 2048w, https:\/\/www.musilova.net\/wp-content\/uploads\/uvod_tehu-604x400.jpg 604w\" sizes=\"auto, (max-width: 300px) 100vw, 300px\" \/><\/a><\/figure>\r\n<\/div><\/div>\r\n<\/div>\r\n\r\n\r\n\r\n<div class=\"wp-block-columns is-layout-flex wp-container-core-columns-is-layout-9d6595d7 wp-block-columns-is-layout-flex\">\r\n<div class=\"wp-block-column is-layout-flow wp-block-column-is-layout-flow\"><div class=\"wp-block-image is-style-default\">\r\n<figure class=\"aligncenter size-medium\"><a href=\"https:\/\/www.musilova.net\/?page_id=1340\"><img loading=\"lazy\" decoding=\"async\" width=\"300\" height=\"200\" class=\"wp-image-1383\" src=\"https:\/\/www.musilova.net\/wp-content\/uploads\/neborn_uvod1-300x200.jpg\" alt=\"\" srcset=\"https:\/\/www.musilova.net\/wp-content\/uploads\/neborn_uvod1-300x200.jpg 300w, https:\/\/www.musilova.net\/wp-content\/uploads\/neborn_uvod1-1024x683.jpg 1024w, https:\/\/www.musilova.net\/wp-content\/uploads\/neborn_uvod1-768x513.jpg 768w, https:\/\/www.musilova.net\/wp-content\/uploads\/neborn_uvod1-1536x1025.jpg 1536w, https:\/\/www.musilova.net\/wp-content\/uploads\/neborn_uvod1-2048x1367.jpg 2048w, https:\/\/www.musilova.net\/wp-content\/uploads\/neborn_uvod1-604x400.jpg 604w\" sizes=\"auto, (max-width: 300px) 100vw, 300px\" \/><\/a><\/figure>\r\n<\/div><\/div>\r\n\r\n\r\n\r\n<div class=\"wp-block-column is-layout-flow wp-block-column-is-layout-flow\"><div class=\"wp-block-image is-style-default\">\r\n<figure class=\"aligncenter size-medium\"><a href=\"https:\/\/www.musilova.net\/?page_id=2179\"><img loading=\"lazy\" decoding=\"async\" width=\"300\" height=\"200\" class=\"wp-image-1598\" src=\"https:\/\/www.musilova.net\/wp-content\/uploads\/lifestyle_uvod-1-300x200.jpg\" alt=\"\" srcset=\"https:\/\/www.musilova.net\/wp-content\/uploads\/lifestyle_uvod-1-300x200.jpg 300w, https:\/\/www.musilova.net\/wp-content\/uploads\/lifestyle_uvod-1-1024x683.jpg 1024w, https:\/\/www.musilova.net\/wp-content\/uploads\/lifestyle_uvod-1-768x513.jpg 768w, https:\/\/www.musilova.net\/wp-content\/uploads\/lifestyle_uvod-1-1536x1025.jpg 1536w, https:\/\/www.musilova.net\/wp-content\/uploads\/lifestyle_uvod-1-2048x1367.jpg 2048w, https:\/\/www.musilova.net\/wp-content\/uploads\/lifestyle_uvod-1-604x400.jpg 604w\" sizes=\"auto, (max-width: 300px) 100vw, 300px\" \/><\/a><\/figure>\r\n<\/div><\/div>\r\n<\/div>\r\n\r\n\r\n\r\n<div class=\"wp-block-columns is-layout-flex wp-container-core-columns-is-layout-9d6595d7 wp-block-columns-is-layout-flex\">\r\n<div class=\"wp-block-column is-layout-flow wp-block-column-is-layout-flow\"><div class=\"wp-block-image is-style-default\">\r\n<figure class=\"aligncenter size-medium\"><a href=\"https:\/\/www.musilova.net\/?page_id=1428\"><img loading=\"lazy\" decoding=\"async\" width=\"300\" height=\"200\" class=\"wp-image-1599\" src=\"https:\/\/www.musilova.net\/wp-content\/uploads\/rande_uvod-1-300x200.jpg\" alt=\"\" srcset=\"https:\/\/www.musilova.net\/wp-content\/uploads\/rande_uvod-1-300x200.jpg 300w, https:\/\/www.musilova.net\/wp-content\/uploads\/rande_uvod-1-1024x683.jpg 1024w, https:\/\/www.musilova.net\/wp-content\/uploads\/rande_uvod-1-768x513.jpg 768w, https:\/\/www.musilova.net\/wp-content\/uploads\/rande_uvod-1-1536x1025.jpg 1536w, https:\/\/www.musilova.net\/wp-content\/uploads\/rande_uvod-1-2048x1367.jpg 2048w, https:\/\/www.musilova.net\/wp-content\/uploads\/rande_uvod-1-604x400.jpg 604w\" sizes=\"auto, (max-width: 300px) 100vw, 300px\" \/><\/a><\/figure>\r\n<\/div><\/div>\r\n\r\n\r\n\r\n<div class=\"wp-block-column is-layout-flow wp-block-column-is-layout-flow\"><div class=\"wp-block-image is-style-default\">\r\n<figure class=\"aligncenter size-medium\"><a href=\"https:\/\/www.musilova.net\/?page_id=1499\"><img loading=\"lazy\" decoding=\"async\" width=\"300\" height=\"200\" class=\"wp-image-1590\" src=\"https:\/\/www.musilova.net\/wp-content\/uploads\/svatebni_uvod-2-300x200.jpg\" alt=\"\" srcset=\"https:\/\/www.musilova.net\/wp-content\/uploads\/svatebni_uvod-2-300x200.jpg 300w, https:\/\/www.musilova.net\/wp-content\/uploads\/svatebni_uvod-2-1024x683.jpg 1024w, https:\/\/www.musilova.net\/wp-content\/uploads\/svatebni_uvod-2-768x513.jpg 768w, https:\/\/www.musilova.net\/wp-content\/uploads\/svatebni_uvod-2-1536x1025.jpg 1536w, https:\/\/www.musilova.net\/wp-content\/uploads\/svatebni_uvod-2-2048x1367.jpg 2048w, https:\/\/www.musilova.net\/wp-content\/uploads\/svatebni_uvod-2-604x400.jpg 604w\" sizes=\"auto, (max-width: 300px) 100vw, 300px\" \/><\/a><\/figure>\r\n<\/div><\/div>\r\n<\/div>\r\n\r\n\r\n\r\n<div class=\"wp-block-columns is-layout-flex wp-container-core-columns-is-layout-9d6595d7 wp-block-columns-is-layout-flex\">\r\n<div class=\"wp-block-column is-layout-flow wp-block-column-is-layout-flow\"><div class=\"wp-block-image is-style-default\">\r\n<figure class=\"aligncenter size-medium\"><a href=\"https:\/\/www.musilova.net\/?page_id=1517\"><img loading=\"lazy\" decoding=\"async\" width=\"300\" height=\"200\" class=\"wp-image-1589\" src=\"https:\/\/www.musilova.net\/wp-content\/uploads\/narozeniny_uvod-1-300x200.jpg\" alt=\"\" srcset=\"https:\/\/www.musilova.net\/wp-content\/uploads\/narozeniny_uvod-1-300x200.jpg 300w, https:\/\/www.musilova.net\/wp-content\/uploads\/narozeniny_uvod-1-1024x683.jpg 1024w, https:\/\/www.musilova.net\/wp-content\/uploads\/narozeniny_uvod-1-768x513.jpg 768w, https:\/\/www.musilova.net\/wp-content\/uploads\/narozeniny_uvod-1-1536x1025.jpg 1536w, https:\/\/www.musilova.net\/wp-content\/uploads\/narozeniny_uvod-1-2048x1367.jpg 2048w, https:\/\/www.musilova.net\/wp-content\/uploads\/narozeniny_uvod-1-604x400.jpg 604w\" sizes=\"auto, (max-width: 300px) 100vw, 300px\" \/><\/a><\/figure>\r\n<\/div><\/div>\r\n\r\n\r\n\r\n<div class=\"wp-block-column is-layout-flow wp-block-column-is-layout-flow\"><div class=\"wp-block-image is-style-default\">\r\n<figure class=\"aligncenter size-medium\"><a href=\"https:\/\/www.musilova.net\/?page_id=1611\"><img loading=\"lazy\" decoding=\"async\" width=\"300\" height=\"200\" class=\"wp-image-1609\" src=\"https:\/\/www.musilova.net\/wp-content\/uploads\/portret_uvod-1-300x200.jpg\" alt=\"\" srcset=\"https:\/\/www.musilova.net\/wp-content\/uploads\/portret_uvod-1-300x200.jpg 300w, https:\/\/www.musilova.net\/wp-content\/uploads\/portret_uvod-1-1024x683.jpg 1024w, https:\/\/www.musilova.net\/wp-content\/uploads\/portret_uvod-1-768x513.jpg 768w, https:\/\/www.musilova.net\/wp-content\/uploads\/portret_uvod-1-1536x1025.jpg 1536w, https:\/\/www.musilova.net\/wp-content\/uploads\/portret_uvod-1-2048x1367.jpg 2048w, https:\/\/www.musilova.net\/wp-content\/uploads\/portret_uvod-1-604x400.jpg 604w\" sizes=\"auto, (max-width: 300px) 100vw, 300px\" \/><\/a><\/figure>\r\n<\/div><\/div>\r\n<\/div>\r\n\r\n\r\n\r\n<p>&nbsp;<\/p>\r\n","protected":false},"excerpt":{"rendered":"<p>Cen\u00edk platn\u00fd od 1.1.2026 Objedn\u00e1n\u00edm se na focen\u00ed potvrzujete p\u0159ijet\u00ed obchodn\u00edch podm\u00ednek a jejich srozumn\u011bn\u00ed&#8230;<\/p>\n","protected":false},"author":1,"featured_media":0,"parent":0,"menu_order":0,"comment_status":"closed","ping_status":"closed","template":"","meta":{"footnotes":""},"class_list":["post-694","page","type-page","status-publish","hentry"],"_links":{"self":[{"href":"https:\/\/www.musilova.net\/index.php?rest_route=\/wp\/v2\/pages\/694","targetHints":{"allow":["GET"]}}],"collection":[{"href":"https:\/\/www.musilova.net\/index.php?rest_route=\/wp\/v2\/pages"}],"about":[{"href":"https:\/\/www.musilova.net\/index.php?rest_route=\/wp\/v2\/types\/page"}],"author":[{"embeddable":true,"href":"https:\/\/www.musilova.net\/index.php?rest_route=\/wp\/v2\/users\/1"}],"replies":[{"embeddable":true,"href":"https:\/\/www.musilova.net\/index.php?rest_route=%2Fwp%2Fv2%2Fcomments&post=694"}],"version-history":[{"count":90,"href":"https:\/\/www.musilova.net\/index.php?rest_route=\/wp\/v2\/pages\/694\/revisions"}],"predecessor-version":[{"id":3169,"href":"https:\/\/www.musilova.net\/index.php?rest_route=\/wp\/v2\/pages\/694\/revisions\/3169"}],"wp:attachment":[{"href":"https:\/\/www.musilova.net\/index.php?rest_route=%2Fwp%2Fv2%2Fmedia&parent=694"}],"curies":[{"name":"wp","href":"https:\/\/api.w.org\/{rel}","templated":true}]}}