{"id":2986,"date":"2024-03-13T11:14:40","date_gmt":"2024-03-13T09:14:40","guid":{"rendered":"https:\/\/www.musilova.net\/?page_id=2986"},"modified":"2026-04-16T08:39:05","modified_gmt":"2026-04-16T06:39:05","slug":"brandove-foceni","status":"publish","type":"page","link":"https:\/\/www.musilova.net\/?page_id=2986","title":{"rendered":"Brandov\u00e9 focen\u00ed"},"content":{"rendered":"<h1 class=\"wnd-align-center\">P\u0159em\u00fd\u0161l\u00edte o tvorb\u011b webu a pot\u0159ebujete se odli\u0161it od ostatn\u00edch?<\/h1>\n<p><b>Rozje\u010fte sv\u016fj brand a bu\u010fte vid\u011bt!<\/b><\/p>\n<p><b>Brandov\u00e9 fotky jsou skv\u011bl\u00fdm marketingov\u00fdm n\u00e1strojem! Na za\u010d\u00e1tku podnik\u00e1n\u00ed st\u00e1l n\u00e1pad, my\u0161lenka, nad\u0161en\u00ed a siln\u00e9 zap\u00e1len\u00ed, za kter\u00fdm jste jenom Vy! Va\u0161e podnik\u00e1n\u00ed nese v\u00e1\u0161 otisk!<br \/>\n<\/b><\/p>\n<p>Brandov\u00e9 focen\u00ed se li\u0161\u00ed od focen\u00ed portr\u00e9t\u016f. C\u00edlem je uk\u00e1zat kdo jste a podstatu zna\u010dky. Uka\u017ete klient\u016fm svoji tv\u00e1\u0159, kdo stoj\u00ed za va\u0161\u00ed firmou. Propojen\u00edm zna\u010dky s va\u0161\u00ed tv\u00e1\u0159\u00ed a jm\u00e9nem si vybudujete d\u016fv\u011bru klient\u016f.<\/p>\n<p>Brandov\u00e9 focen\u00ed dok\u00e1\u017ee propojit v\u00e1s, v\u00e1\u0161 p\u0159\u00edb\u011bh s viz\u00ed va\u0161\u00ed zna\u010dky.\u00a0 D\u00edky tomu si z\u00edsk\u00e1te sv\u00e9 ide\u00e1ln\u00ed klienty, kte\u0159\u00ed uvid\u00ed ve va\u0161\u00ed pr\u00e1ci hodnotu.<\/p>\n<p><b>Pom\u016f\u017eu v\u00e1m b\u00fdt v\u00edc vid\u011bt, a vytvo\u0159it pro v\u00e1s takov\u00e9 brandov\u00e9 fotky, kter\u00e9 vystihuj\u00ed va\u0161i osobnost jako celek!<br \/>\n<\/b><\/p>\n<p>&nbsp;<\/p>\n<div class=\"str-id strd\" data-tran=\"balicek-2_3\" data-tr=\"fadeIn\">\n<div class=\"sie-balicek-2_3 se\" data-sid=\"balicek-2_3\">\n<h1 class=\"se-t sie-balicek-2_3-text st-m-title st-d-title se-rc\"><strong>Ide\u00e1ln\u00ed pro osobn\u00ed brand<\/strong><strong> &#8211; investice 7 000,-\u00a0<\/strong><\/h1>\n<p>Ide\u00e1ln\u00ed pro za\u010d\u00ednaj\u00edc\u00ed podnikatele nebo mal\u00e9 firmy, kter\u00e9 cht\u011bj\u00ed o\u017eivit sv\u016fj web nebo soci\u00e1ln\u00ed m\u00e9dia. Tento bal\u00ed\u010dek poskytuje dostate\u010dn\u00fd po\u010det fotografi\u00ed a je ide\u00e1ln\u00ed pro z\u00e1kladn\u00ed marketingov\u00e9 pot\u0159eby, jako jsou aktualizace webu, p\u0159\u00edsp\u011bvky na soci\u00e1ln\u00edch m\u00e9di\u00edch a prezentace. Je skv\u011bl\u00fdm startem pro ty, kdo cht\u011bj\u00ed profesion\u00e1ln\u011b prezentovat svou zna\u010dku a uk\u00e1zat kdo za v\u0161\u00edm stoj\u00ed.<\/p>\n<\/div>\n<\/div>\n<div class=\"str-im str-id strd\" data-tran=\"balicek-2_4\" data-tr=\"fadeIn\">\n<div class=\"sie-balicek-2_4 se\" data-sid=\"balicek-2_4\">\n<div class=\"se-t sie-balicek-2_4-text st-m-paragraph st-d-paragraph se-t-list se-rc\">\n<p><b>P\u0159ed focen\u00edm<\/b><\/p>\n<ul>\n<li>konzultace s c\u00edlem napl\u00e1novat va\u0161e brand focen\u00ed<\/li>\n<li>pl\u00e1n va\u0161eho jedine\u010dn\u00e9ho brandov\u00e9 focen\u00ed na m\u00edru<\/li>\n<li>doporu\u010den\u00ed a n\u00e1vrh outfit\u016f<\/li>\n<\/ul>\n<p><b>Den focen\u00ed<\/b><\/p>\n<ul>\n<li>1 hodina focen\u00ed<\/li>\n<li>1-2 lokace, 1-2 p\u0159evle\u010den\u00ed<\/li>\n<li>p\u00f3zov\u00e1n\u00ed &amp; veden\u00ed focen\u00ed pro nejlep\u0161\u00ed v\u00fdsledky<\/li>\n<li>mo\u017enost viz\u00e1\u017eistky, kter\u00e1 v\u00e1s nal\u00ed\u010d\u00ed a uprav\u00ed vlasy<\/li>\n<\/ul>\n<p><b>Po focen\u00ed<\/b><\/p>\n<ul>\n<li>soukrom\u00e1 n\u00e1hledov\u00e1 online galerie<\/li>\n<li>galerie 10 ks fotografi\u00ed ve vysok\u00e9m i n\u00edzk\u00e9m rozli\u0161en\u00ed<\/li>\n<li>mo\u017enost dokoupen\u00ed fotografi\u00ed nav\u00edc 350 K\u010d\/ks<\/li>\n<li>nadstandardn\u00ed retu\u0161e fotografi\u00ed (vymaz\u00e1n\u00ed osoby nebo objektu, dodate\u010dn\u00e9 rozmaz\u00e1n\u00ed pozad\u00ed, v\u00fdrazn\u00e9 akn\u00e9 nebo mod\u0159iny ve v\u011bt\u0161\u00edm mno\u017estv\u00ed, a pod.) 300 K\u010d\/ks<\/li>\n<\/ul>\n<p>&nbsp;<\/p>\n<\/div>\n<h1 class=\"se-t sie-balicek-2_3-text st-m-title st-d-title se-rc\"><strong>Ide\u00e1ln\u00ed pro men\u0161\u00ed firmy &#8211; investice 10 500,-\u00a0<\/strong><\/h1>\n<p class=\"se-t sie-balicek-2_3-text st-m-title st-d-title se-rc\">Navr\u017een\u00fd pro ty, kte\u0159\u00ed cht\u011bj\u00ed v\u00edce rozmanitosti v obsahu na webu a soci\u00e1ln\u00edch m\u00e9di\u00edch. Bal\u00ed\u010dek obsahuje osobn\u00ed fotografie, momentky a lze za\u0159adit focen\u00ed produkt\u016f a slu\u017eeb (nezahrnuje focen\u00ed interi\u00e9ru a t\u00fdmov\u00e9 fotky). Vhodn\u00fd pro firmy pl\u00e1nuj\u00edc\u00ed roz\u0161\u00ed\u0159en\u00e9 kampan\u011b na soci\u00e1ln\u00edch m\u00e9di\u00edch nebo pro ty, kdo cht\u011bj\u00ed aktualizovat v\u011bt\u0161inu vizu\u00e1l\u016f na sv\u00fdch webov\u00fdch str\u00e1nk\u00e1ch. V\u00edce lokac\u00ed umo\u017e\u0148uje prezentovat zna\u010dku v r\u016fzn\u00fdch kontextech.<\/p>\n<p><b>P\u0159ed focen\u00edm<\/b><\/p>\n<ul>\n<li>konzultace s c\u00edlem napl\u00e1novat va\u0161e brandov\u00e9 focen\u00ed<\/li>\n<li>pl\u00e1n va\u0161eho jedine\u010dn\u00e9ho brand focen\u00ed na m\u00edru<\/li>\n<li>doporu\u010den\u00ed a n\u00e1vrh outfit\u016f<\/li>\n<\/ul>\n<p><b>Den focen\u00ed<\/b><\/p>\n<ul>\n<li>2-3 hodiny focen\u00ed<\/li>\n<li>2-3 lokace, 2-3 p\u0159evle\u010den\u00ed<\/li>\n<li>p\u00f3zov\u00e1n\u00ed &amp; veden\u00ed focen\u00ed pro nejlep\u0161\u00ed v\u00fdsledky<\/li>\n<li>mo\u017enost viz\u00e1\u017eistky, kter\u00e1 v\u00e1s nal\u00ed\u010d\u00ed a uprav\u00ed vlasy<\/li>\n<\/ul>\n<p><b>Po focen\u00ed<\/b><\/p>\n<ul>\n<li>soukrom\u00e1 n\u00e1hledov\u00e1 online galerie<\/li>\n<li>galerie 20 ks fotografi\u00ed ve vysok\u00e9m i n\u00edzk\u00e9m rozli\u0161en\u00ed<\/li>\n<li>mo\u017enost dokoupen\u00ed fotografi\u00ed nav\u00edc 350 K\u010d\/ks<\/li>\n<li>nadstandardn\u00ed retu\u0161e fotografi\u00ed (vymaz\u00e1n\u00ed osoby nebo objektu, dodate\u010dn\u00e9 rozmaz\u00e1n\u00ed pozad\u00ed, v\u00fdrazn\u00e9 akn\u00e9 nebo mod\u0159iny ve v\u011bt\u0161\u00edm mno\u017estv\u00ed, a pod.) 300 K\u010d\/ks<\/li>\n<li>n\u00e1sledn\u00fd call, kde z\u00edsk\u00e1te doporu\u010den\u00ed, jak sv\u00e9 brandov\u00e9 fotografie marketingov\u011b pou\u017e\u00edt pro r\u016fst va\u0161eho podnik\u00e1n\u00ed<\/li>\n<\/ul>\n<\/div>\n<\/div>\n<p>&nbsp;<\/p>\n<h1 class=\"se-t sie-balicek-2_3-text st-m-title st-d-title se-rc\"><strong>VIP brandov\u00e9 focen\u00ed &#8211; investice 20 500,-<\/strong><\/h1>\n<p class=\"se-t sie-balicek-2_3-text st-m-title st-d-title se-rc\">Tento bal\u00ed\u010dek je vhodn\u00fd pro v\u011bt\u0161\u00ed rozsah. Vzniknou fotografie exteri\u00e9ru, interi\u00e9ru, detail\u016f, momentek, osobn\u00ed brand a fotografie t\u00fdmu, \u0159\u00edzen\u00fdch sc\u00e9n, fotografie produktu a slu\u017eeb. Je perfektn\u00ed volbou pro zaveden\u00e9 zna\u010dky nebo rodinn\u00e9 firmy, kter\u00e9 vy\u017eaduj\u00ed rozs\u00e1hl\u00e9 portfolio obsahu. S rozs\u00e1hl\u00fdm po\u010dtem fotografi\u00ed a mo\u017enost\u00ed zm\u011bn lokalit m\u016f\u017eeme experimentovat s r\u016fzn\u00fdmi koncepty a sc\u00e9nami. Konzultace p\u0159ed focen\u00edm zajist\u00ed, \u017ee v\u00fdsledn\u00e9 fotografie dokonale vyhov\u00ed strategii zna\u010dky. Tento bal\u00ed\u010dek je ide\u00e1ln\u00ed pro komplexn\u00ed marketingov\u00e9 kampan\u011b a dlouhodobou propagaci.<\/p>\n<p><b>P\u0159ed focen\u00edm<\/b><\/p>\n<ul>\n<li>konzultace s c\u00edlem napl\u00e1novat va\u0161e brand focen\u00ed v\u010detn\u011b doporu\u010den\u00ed oble\u010den\u00ed<\/li>\n<li>pl\u00e1n va\u0161eho jedine\u010dn\u00e9ho brandov\u00e9 focen\u00ed na m\u00edru<\/li>\n<li>doporu\u010den\u00ed a n\u00e1vrh outfit\u016f<\/li>\n<\/ul>\n<p><b>Den focen\u00ed<\/b><\/p>\n<ul>\n<li>3-4 hodiny focen\u00ed<\/li>\n<li>3-4 lokace interi\u00e9r x exteri\u00e9r, 4-6 p\u0159evle\u010den\u00ed<\/li>\n<li>p\u00f3zov\u00e1n\u00ed &amp; veden\u00ed focen\u00ed pro nejlep\u0161\u00ed v\u00fdsledky<\/li>\n<li>mo\u017enost viz\u00e1\u017eistky, kter\u00e1 v\u00e1s nal\u00ed\u010d\u00ed a uprav\u00ed vlasy<\/li>\n<li>dal\u0161\u00ed hodina nad r\u00e1mec 2500 K\u010d\/hod.<\/li>\n<\/ul>\n<p><b>Po focen\u00ed<\/b><\/p>\n<ul>\n<li>galerie v\u0161ech poveden\u00fdch fotografi\u00ed ve vysok\u00e9m i n\u00edzk\u00e9m rozli\u0161en\u00ed &#8211; fotografie vyb\u00edr\u00e1m j\u00e1, v p\u0159\u00edpad\u011b, \u017ee si je chcete vybrat sami, je maxim\u00e1ln\u00ed po\u010det 60 ks fotografi\u00ed<\/li>\n<li>mo\u017enost dokoupen\u00ed fotografi\u00ed nav\u00edc 350 K\u010d\/ks<\/li>\n<li>nadstandardn\u00ed retu\u0161e fotografi\u00ed (vymaz\u00e1n\u00ed osoby nebo objektu, dodate\u010dn\u00e9 rozmaz\u00e1n\u00ed pozad\u00ed, v\u00fdrazn\u00e9 akn\u00e9 nebo mod\u0159iny ve v\u011bt\u0161\u00edm mno\u017estv\u00ed, a pod.) 300 K\u010d\/ks<\/li>\n<li>n\u00e1sledn\u00fd call, kde z\u00edsk\u00e1te doporu\u010den\u00ed, jak sv\u00e9 brandov\u00e9 fotografie marketingov\u011b pou\u017e\u00edt pro r\u016fst va\u0161eho podnik\u00e1n\u00ed<\/li>\n<\/ul>\n<div class=\"str-im str-id strd\" data-tran=\"balicek-2_4\" data-tr=\"fadeIn\">\n<div class=\"sie-balicek-2_4 se\" data-sid=\"balicek-2_4\">\n<p>Mo\u017enost pronajmut\u00ed ateli\u00e9ru v <span style=\"color: #0000ff;\"><a style=\"color: #0000ff;\" href=\"http:\/\/www.atelierstory.cz\/\">Brn\u011b.<\/a><\/span><\/p>\n<\/div>\n<div class=\"sie-balicek-2_4 se\" data-sid=\"balicek-2_4\">\n<p>V cen\u011b nen\u00ed doprava nad 15 km od Pustim\u011b\u0159e \u00fa\u010dtuji nav\u00edc 15 K\u010d\/km.<\/p>\n<p>Pro individu\u00e1ln\u00ed nab\u00eddku m\u011b nev\u00e1hejte kontaktovat.<\/p>\n<\/div>\n<\/div>\n<p>&nbsp;<\/p>\n<h1><strong>K \u010demu pot\u0159ebujete profesion\u00e1ln\u00ed brandov\u00e9 fotky?<\/strong><\/h1>\n<div class=\"elementor-element elementor-element-e4981ab elementor-widget elementor-widget-text-editor\" data-id=\"e4981ab\" data-element_type=\"widget\" data-widget_type=\"text-editor.default\">\n<div class=\"elementor-widget-container\">\n<ul>\n<li>P\u0159inesou v\u00e1m v\u00edce zak\u00e1zek a klient\u016f<\/li>\n<li>Zviditeln\u00ed va\u0161i pr\u00e1ci.<\/li>\n<li>Zaru\u010d\u00ed vynikaj\u00edc\u00ed prvn\u00ed dojem.<\/li>\n<li>Zv\u00fd\u0161\u00ed d\u016fv\u011bryhodnost zna\u010dky.<\/li>\n<li>Odli\u0161\u00ed v\u00e1s od konkurence.<\/li>\n<li>Pom\u016f\u017eou v\u00e1m l\u00e9pe oslovit a zaujmout ide\u00e1ln\u00edho klienta.<\/li>\n<li>Usnadn\u00ed p\u0159\u00edpravu propaga\u010dn\u00edch materi\u00e1l\u016f.<\/li>\n<li>Zv\u00fd\u0161\u00ed Va\u0161e seb\u011bv\u011bdom\u00ed p\u0159i prezentaci.<\/li>\n<li>Brandov\u00e9 fotografie v\u00e1m budou prosp\u011b\u0161n\u00e9 dlouhodob\u011b.<\/li>\n<\/ul>\n<p>&nbsp;<\/p>\n<\/div>\n<\/div>\n<div class=\"str-im str-id strd\" data-tran=\"balicek-2_4\" data-tr=\"fadeIn\">\n<div class=\"sie-balicek-2_4 se\" data-sid=\"balicek-2_4\">\n<h1><strong>30 minutov\u00e1 konzultace zdarma!<\/strong><\/h1>\n<\/div>\n<\/div>\n<p>&nbsp;<\/p>\n<p>&nbsp;<\/p>\n<div class=\"str-im str-id strd\" data-tran=\"balicek-2_4\" data-tr=\"fadeIn\">\n<div class=\"sie-balicek-2_4 se\" data-sid=\"balicek-2_4\">\n<p><img loading=\"lazy\" decoding=\"async\" class=\"wp-image-3020 alignleft\" src=\"https:\/\/www.musilova.net\/wp-content\/uploads\/3Q1A9063-1024x682.jpg\" alt=\"\" width=\"512\" height=\"341\" srcset=\"https:\/\/www.musilova.net\/wp-content\/uploads\/3Q1A9063-1024x682.jpg 1024w, https:\/\/www.musilova.net\/wp-content\/uploads\/3Q1A9063-300x200.jpg 300w, https:\/\/www.musilova.net\/wp-content\/uploads\/3Q1A9063-150x100.jpg 150w, https:\/\/www.musilova.net\/wp-content\/uploads\/3Q1A9063-768x512.jpg 768w, https:\/\/www.musilova.net\/wp-content\/uploads\/3Q1A9063.jpg 1439w\" sizes=\"auto, (max-width: 512px) 100vw, 512px\" \/><img loading=\"lazy\" decoding=\"async\" class=\"wp-image-3021 alignleft\" src=\"https:\/\/www.musilova.net\/wp-content\/uploads\/3Q1A9065-1024x683.jpg\" alt=\"\" width=\"510\" height=\"340\" srcset=\"https:\/\/www.musilova.net\/wp-content\/uploads\/3Q1A9065-1024x683.jpg 1024w, https:\/\/www.musilova.net\/wp-content\/uploads\/3Q1A9065-300x200.jpg 300w, https:\/\/www.musilova.net\/wp-content\/uploads\/3Q1A9065-150x100.jpg 150w, https:\/\/www.musilova.net\/wp-content\/uploads\/3Q1A9065-768x512.jpg 768w, https:\/\/www.musilova.net\/wp-content\/uploads\/3Q1A9065-1536x1024.jpg 1536w, https:\/\/www.musilova.net\/wp-content\/uploads\/3Q1A9065.jpg 1680w\" sizes=\"auto, (max-width: 510px) 100vw, 510px\" \/><img loading=\"lazy\" decoding=\"async\" class=\"wp-image-3022 alignleft\" src=\"https:\/\/www.musilova.net\/wp-content\/uploads\/3Q1A9130-1024x683.jpg\" alt=\"\" width=\"521\" height=\"347\" srcset=\"https:\/\/www.musilova.net\/wp-content\/uploads\/3Q1A9130-1024x683.jpg 1024w, https:\/\/www.musilova.net\/wp-content\/uploads\/3Q1A9130-300x200.jpg 300w, https:\/\/www.musilova.net\/wp-content\/uploads\/3Q1A9130-150x100.jpg 150w, https:\/\/www.musilova.net\/wp-content\/uploads\/3Q1A9130-768x512.jpg 768w, https:\/\/www.musilova.net\/wp-content\/uploads\/3Q1A9130-1536x1024.jpg 1536w, https:\/\/www.musilova.net\/wp-content\/uploads\/3Q1A9130.jpg 1659w\" sizes=\"auto, (max-width: 521px) 100vw, 521px\" \/><\/p>\n<p><img loading=\"lazy\" decoding=\"async\" class=\"wp-image-3026 alignleft\" src=\"https:\/\/www.musilova.net\/wp-content\/uploads\/DSC01220-683x1024.jpg\" alt=\"\" width=\"473\" height=\"710\" srcset=\"https:\/\/www.musilova.net\/wp-content\/uploads\/DSC01220-683x1024.jpg 683w, https:\/\/www.musilova.net\/wp-content\/uploads\/DSC01220-200x300.jpg 200w, https:\/\/www.musilova.net\/wp-content\/uploads\/DSC01220-100x150.jpg 100w, https:\/\/www.musilova.net\/wp-content\/uploads\/DSC01220-768x1152.jpg 768w, https:\/\/www.musilova.net\/wp-content\/uploads\/DSC01220-1024x1536.jpg 1024w, https:\/\/www.musilova.net\/wp-content\/uploads\/DSC01220-1365x2048.jpg 1365w, https:\/\/www.musilova.net\/wp-content\/uploads\/DSC01220-scaled.jpg 1707w\" sizes=\"auto, (max-width: 473px) 100vw, 473px\" \/><img loading=\"lazy\" decoding=\"async\" class=\"alignleft wp-image-3025\" src=\"https:\/\/www.musilova.net\/wp-content\/uploads\/DSC01212-683x1024.jpg\" alt=\"\" width=\"474\" height=\"710\" srcset=\"https:\/\/www.musilova.net\/wp-content\/uploads\/DSC01212-683x1024.jpg 683w, https:\/\/www.musilova.net\/wp-content\/uploads\/DSC01212-200x300.jpg 200w, https:\/\/www.musilova.net\/wp-content\/uploads\/DSC01212-100x150.jpg 100w, https:\/\/www.musilova.net\/wp-content\/uploads\/DSC01212-768x1152.jpg 768w, https:\/\/www.musilova.net\/wp-content\/uploads\/DSC01212-1024x1536.jpg 1024w, https:\/\/www.musilova.net\/wp-content\/uploads\/DSC01212-1365x2048.jpg 1365w, https:\/\/www.musilova.net\/wp-content\/uploads\/DSC01212-scaled.jpg 1707w\" sizes=\"auto, (max-width: 474px) 100vw, 474px\" \/><img loading=\"lazy\" decoding=\"async\" class=\"wp-image-3024 alignleft\" src=\"https:\/\/www.musilova.net\/wp-content\/uploads\/DSC00764-683x1024.jpg\" alt=\"\" width=\"473\" height=\"710\" srcset=\"https:\/\/www.musilova.net\/wp-content\/uploads\/DSC00764-683x1024.jpg 683w, https:\/\/www.musilova.net\/wp-content\/uploads\/DSC00764-200x300.jpg 200w, https:\/\/www.musilova.net\/wp-content\/uploads\/DSC00764-100x150.jpg 100w, https:\/\/www.musilova.net\/wp-content\/uploads\/DSC00764-768x1152.jpg 768w, https:\/\/www.musilova.net\/wp-content\/uploads\/DSC00764-1024x1536.jpg 1024w, https:\/\/www.musilova.net\/wp-content\/uploads\/DSC00764-1365x2048.jpg 1365w, https:\/\/www.musilova.net\/wp-content\/uploads\/DSC00764-scaled.jpg 1707w\" sizes=\"auto, (max-width: 473px) 100vw, 473px\" \/><\/p>\n<\/div>\n<p><img loading=\"lazy\" decoding=\"async\" class=\" wp-image-3035 alignleft\" src=\"https:\/\/www.musilova.net\/wp-content\/uploads\/DSC08479-682x1024.jpg\" alt=\"\" width=\"473\" height=\"711\" srcset=\"https:\/\/www.musilova.net\/wp-content\/uploads\/DSC08479-682x1024.jpg 682w, https:\/\/www.musilova.net\/wp-content\/uploads\/DSC08479-200x300.jpg 200w, https:\/\/www.musilova.net\/wp-content\/uploads\/DSC08479-100x150.jpg 100w, https:\/\/www.musilova.net\/wp-content\/uploads\/DSC08479-768x1152.jpg 768w, https:\/\/www.musilova.net\/wp-content\/uploads\/DSC08479-1024x1536.jpg 1024w, https:\/\/www.musilova.net\/wp-content\/uploads\/DSC08479-1365x2048.jpg 1365w, https:\/\/www.musilova.net\/wp-content\/uploads\/DSC08479-scaled.jpg 1706w\" sizes=\"auto, (max-width: 473px) 100vw, 473px\" \/><img loading=\"lazy\" decoding=\"async\" class=\"wp-image-3038 alignleft\" src=\"https:\/\/www.musilova.net\/wp-content\/uploads\/DSC01577-1-683x1024.jpg\" alt=\"\" width=\"472\" height=\"707\" srcset=\"https:\/\/www.musilova.net\/wp-content\/uploads\/DSC01577-1-683x1024.jpg 683w, https:\/\/www.musilova.net\/wp-content\/uploads\/DSC01577-1-200x300.jpg 200w, https:\/\/www.musilova.net\/wp-content\/uploads\/DSC01577-1-100x150.jpg 100w, https:\/\/www.musilova.net\/wp-content\/uploads\/DSC01577-1-768x1152.jpg 768w, https:\/\/www.musilova.net\/wp-content\/uploads\/DSC01577-1-1024x1536.jpg 1024w, https:\/\/www.musilova.net\/wp-content\/uploads\/DSC01577-1-1365x2048.jpg 1365w, https:\/\/www.musilova.net\/wp-content\/uploads\/DSC01577-1-scaled.jpg 1707w\" sizes=\"auto, (max-width: 472px) 100vw, 472px\" \/><\/p>\n<\/div>\n<p>&nbsp;<\/p>\n<div class=\"str-im str-id strd\" data-tran=\"balicek-2_4\" data-tr=\"fadeIn\">\n<p><img loading=\"lazy\" decoding=\"async\" class=\" wp-image-3033 alignleft\" src=\"https:\/\/www.musilova.net\/wp-content\/uploads\/DSC01039.jpg\" alt=\"\" width=\"474\" height=\"712\" srcset=\"https:\/\/www.musilova.net\/wp-content\/uploads\/DSC01039.jpg 500w, https:\/\/www.musilova.net\/wp-content\/uploads\/DSC01039-200x300.jpg 200w, https:\/\/www.musilova.net\/wp-content\/uploads\/DSC01039-100x150.jpg 100w\" sizes=\"auto, (max-width: 474px) 100vw, 474px\" \/><\/p>\n<\/div>\n","protected":false},"excerpt":{"rendered":"<p>P\u0159em\u00fd\u0161l\u00edte o tvorb\u011b webu a pot\u0159ebujete se odli\u0161it od ostatn\u00edch? Rozje\u010fte sv\u016fj brand a bu\u010fte&#8230;<\/p>\n","protected":false},"author":1,"featured_media":3049,"parent":0,"menu_order":0,"comment_status":"closed","ping_status":"closed","template":"","meta":{"footnotes":""},"class_list":["post-2986","page","type-page","status-publish","has-post-thumbnail","hentry"],"_links":{"self":[{"href":"https:\/\/www.musilova.net\/index.php?rest_route=\/wp\/v2\/pages\/2986","targetHints":{"allow":["GET"]}}],"collection":[{"href":"https:\/\/www.musilova.net\/index.php?rest_route=\/wp\/v2\/pages"}],"about":[{"href":"https:\/\/www.musilova.net\/index.php?rest_route=\/wp\/v2\/types\/page"}],"author":[{"embeddable":true,"href":"https:\/\/www.musilova.net\/index.php?rest_route=\/wp\/v2\/users\/1"}],"replies":[{"embeddable":true,"href":"https:\/\/www.musilova.net\/index.php?rest_route=%2Fwp%2Fv2%2Fcomments&post=2986"}],"version-history":[{"count":50,"href":"https:\/\/www.musilova.net\/index.php?rest_route=\/wp\/v2\/pages\/2986\/revisions"}],"predecessor-version":[{"id":3212,"href":"https:\/\/www.musilova.net\/index.php?rest_route=\/wp\/v2\/pages\/2986\/revisions\/3212"}],"wp:featuredmedia":[{"embeddable":true,"href":"https:\/\/www.musilova.net\/index.php?rest_route=\/wp\/v2\/media\/3049"}],"wp:attachment":[{"href":"https:\/\/www.musilova.net\/index.php?rest_route=%2Fwp%2Fv2%2Fmedia&parent=2986"}],"curies":[{"name":"wp","href":"https:\/\/api.w.org\/{rel}","templated":true}]}}