{"id":2179,"date":"2021-02-04T18:59:48","date_gmt":"2021-02-04T16:59:48","guid":{"rendered":"http:\/\/www2.musilova.net\/?page_id=2179"},"modified":"2026-03-04T14:25:11","modified_gmt":"2026-03-04T12:25:11","slug":"newborn-lifestyle","status":"publish","type":"page","link":"https:\/\/www.musilova.net\/?page_id=2179","title":{"rendered":"Newborn lifestyle"},"content":{"rendered":"\r\n<h1 id=\"block-7c2213b8-0da9-42af-b595-472206157521\" class=\"wp-block-heading ticss-60b8cd73\">Cena 4000 K\u010d<\/h1>\r\n<hr \/>\r\n<p>&nbsp;<\/p>\r\n\r\n\r\n\r\n<p>&nbsp;<\/p>\r\n\r\n<p>D\u00e9lka focen\u00ed cca 1,5 hodiny.<br \/>10 ks upraven\u00fdch fotografi\u00ed v barevn\u00e9 i \u010dernob\u00edl\u00e9 verzi.<br \/>Fotografie v pln\u00e9m rozli\u0161en\u00ed a rozli\u0161en\u00ed na web.<br \/>Vlastn\u00ed v\u00fdb\u011br z n\u00e1hled\u016f.<br \/>Mo\u017enost dokoupen\u00ed fotografi\u00ed nav\u00edc za 250 K\u010d\/ks.<\/p>\r\n\r\n<p>&nbsp;<\/p>\r\n\r\n<p>Fot\u00ed se miminko samotn\u00e9, s rodi\u010di i se sourozenci v dom\u00e1c\u00edm prost\u0159ed\u00ed. Fot\u00ed se momentky a p\u0159irozen\u00e9 situace, kter\u00e9 s p\u0159\u00edchodem miminka do dom\u00e1cnosti pat\u0159\u00ed. P\u0159edev\u0161\u00edm v n\u00e1ru\u010d\u00ed, v post\u00fdlce atd. Prost\u011b takov\u00e9 to &#8220;dom\u00e1c\u00ed mazlen\u00ed&#8221;. V\u00fdhodou je, \u017ee nikam nemus\u00edte jezdit a miminko se m\u016f\u017ee fotit i v pozd\u011bj\u0161\u00edm v\u011bku. A tak\u00e9 budete m\u00edt to nejorigin\u00e1ln\u011bj\u0161\u00ed pozad\u00ed na fotk\u00e1ch &#8211; V\u00e1\u0161 domov!<\/p>\r\n\r\n<p>&nbsp;<\/p>\r\n\r\n<pre><span style=\"color: #ffffff;\"><strong>NADSTANDARDN\u00cd SLU\u017dBY<\/strong><\/span><br \/><br \/>Dopravn\u00e9 \u010din\u00ed 10 K\u010d\/km (v okol\u00ed do 10 km od m\u00edsta m\u00e9ho bydli\u0161t\u011b si dopravn\u00e9 ne\u00fa\u010dtuji).<br \/><br \/>Pokro\u010dil\u00e1 retu\u0161 = odstran\u011bn\u00ed pup\u00ednk\u016f nebo \u0161upinek po cel\u00e9m t\u011ble, cena 200 K\u010d\/ks, ale klidn\u011b volejte a probereme to).<br \/><br \/>Kol\u00e1\u017e detail\u016f miminka s \u00fadaji o narozen\u00ed - cena 500 K\u010d. (Nutno se domluvit dop\u0159edu na nafocen\u00ed detail\u016f).<br \/><br \/>Focen\u00ed o v\u00edkendu: 1000 K\u010d.<\/pre>\r\n\r\n<p>&nbsp;<\/p>\r\n","protected":false},"excerpt":{"rendered":"<p>Cena 4000 K\u010d &nbsp; &nbsp; D\u00e9lka focen\u00ed cca 1,5 hodiny.10 ks upraven\u00fdch fotografi\u00ed v barevn\u00e9&#8230;<\/p>\n","protected":false},"author":1,"featured_media":1929,"parent":0,"menu_order":0,"comment_status":"closed","ping_status":"closed","template":"","meta":{"footnotes":""},"class_list":["post-2179","page","type-page","status-publish","has-post-thumbnail","hentry"],"_links":{"self":[{"href":"https:\/\/www.musilova.net\/index.php?rest_route=\/wp\/v2\/pages\/2179","targetHints":{"allow":["GET"]}}],"collection":[{"href":"https:\/\/www.musilova.net\/index.php?rest_route=\/wp\/v2\/pages"}],"about":[{"href":"https:\/\/www.musilova.net\/index.php?rest_route=\/wp\/v2\/types\/page"}],"author":[{"embeddable":true,"href":"https:\/\/www.musilova.net\/index.php?rest_route=\/wp\/v2\/users\/1"}],"replies":[{"embeddable":true,"href":"https:\/\/www.musilova.net\/index.php?rest_route=%2Fwp%2Fv2%2Fcomments&post=2179"}],"version-history":[{"count":42,"href":"https:\/\/www.musilova.net\/index.php?rest_route=\/wp\/v2\/pages\/2179\/revisions"}],"predecessor-version":[{"id":3174,"href":"https:\/\/www.musilova.net\/index.php?rest_route=\/wp\/v2\/pages\/2179\/revisions\/3174"}],"wp:featuredmedia":[{"embeddable":true,"href":"https:\/\/www.musilova.net\/index.php?rest_route=\/wp\/v2\/media\/1929"}],"wp:attachment":[{"href":"https:\/\/www.musilova.net\/index.php?rest_route=%2Fwp%2Fv2%2Fmedia&parent=2179"}],"curies":[{"name":"wp","href":"https:\/\/api.w.org\/{rel}","templated":true}]}}