{"id":1517,"date":"2021-01-24T10:54:00","date_gmt":"2021-01-24T08:54:00","guid":{"rendered":"http:\/\/www2.musilova.net\/?page_id=1517"},"modified":"2026-04-16T08:23:50","modified_gmt":"2026-04-16T06:23:50","slug":"oslavy-narozeniny-krtiny","status":"publish","type":"page","link":"https:\/\/www.musilova.net\/?page_id=1517","title":{"rendered":"Oslavy a k\u0159tiny"},"content":{"rendered":"\r\n<p>&nbsp;<\/p>\r\n\r\n\r\n\r\n<p>&nbsp;<\/p>\r\n\r\n\r\n\r\n<h1 class=\"wp-block-heading\">Oslavy a k\u0159tiny 5500 K\u010d<\/h1>\r\n\r\n<p>D\u00e9lka focen\u00ed do 1,5 &#8211; 2 hodiny na oslav\u011b nebo k\u0159tin\u00e1ch.<br \/>Minim\u00e1ln\u011b 30 ks upraven\u00fdch fotografi\u00ed v barevn\u00e9 i \u010dernob\u00edl\u00e9 verzi dle m\u00e9ho v\u00fdb\u011bru.<br \/>Fotografie v pln\u00e9m rozli\u0161en\u00ed a rozli\u0161en\u00ed pro web.V p\u0159\u00edpad\u011b del\u0161\u00edho focen\u00ed je mno\u017estv\u00ed fotek mnohem vy\u0161\u0161\u00ed.<\/p>\r\n<p>Dopravn\u00e9 \u010din\u00ed 15 K\u010d\/km (v okol\u00ed do 15 km od m\u00edsta m\u00e9ho bydli\u0161t\u011b si dopravn\u00e9 ne\u00fa\u010dtuji).<\/p>\r\n<p>Ka\u017ed\u00e1 dal\u0161\u00ed hodina 2500 K\u010d.<\/p>\r\n<h1>Narozeninov\u00e9 focen\u00ed venku nebo v ateli\u00e9ru 3500 K\u010d<\/h1>\r\n<p>D\u00e9lka focen\u00ed cca 1 hodinu.<br \/>10 ks upraven\u00fdch fotografi\u00ed v barevn\u00e9 i \u010dernob\u00edl\u00e9 verzi.<br \/>Fotografie v pln\u00e9m rozli\u0161en\u00ed a rozli\u0161en\u00ed pro web.<\/p>\r\n<p>V\u00fdb\u011br z n\u00e1hled\u016f.<\/p>\r\n<p>Ka\u017ed\u00e1 dal\u0161\u00ed fotka 250 K\u010d\/ks.<\/p>\r\n\r\n<p>&nbsp;<\/p>\r\n\r\n\r\n\r\n<h2 class=\"wp-block-heading\">Doporu\u010den\u00e9 oble\u010den\u00ed<\/h2>\r\n\r\n\r\n\r\n<p>Ide\u00e1ln\u00ed je se sladit do podobn\u00fdch odst\u00edn\u016f. Pokud chcete jemn\u00e9 fotky, tak doporu\u010duji pastelov\u00e9 odst\u00edny. Oble\u010den\u00ed bez obr\u00e1zk\u016f a n\u00e1pis\u016f. Neonovou a oran\u017eovou barvu pros\u00edm vynechte. V\u00fdrazn\u00e9 \u0159et\u00edzky a hodinky doporu\u010dji p\u0159ed focen\u00edm sundat. Na focen\u00ed p\u0159ivezte v\u00edce variant, spole\u010dn\u011b pak vybereme.<\/p>\r\n\r\n\r\n\r\n<p>&nbsp;<\/p>\r\n<hr \/>\r\n<pre id=\"block-9ade64a8-4163-4708-9e36-61f5cf3032c1\" class=\"block-editor-rich-text__editable wp-block-preformatted block-editor-block-list__block wp-block is-selected is-hovered rich-text\" tabindex=\"0\" role=\"group\" contenteditable=\"true\" aria-multiline=\"true\" aria-label=\"Blok: Vlastn\u00ed form\u00e1tov\u00e1n\u00ed\" data-block=\"9ade64a8-4163-4708-9e36-61f5cf3032c1\" data-type=\"core\/preformatted\" data-title=\"Vlastn\u00ed form\u00e1tov\u00e1n\u00ed\"><span style=\"color: #ffffff;\">NADSTANDARDN\u00cd SLU\u017dBY<\/span><br \/><br \/>Narozeninov\u00e1 tabule s miln\u00edky: 1000 K\u010d<br data-rich-text-line-break=\"true\" \/>Focen\u00ed s balonky nafouknut\u00e9 heliem, min. 10 ks: 500 K\u010d (balonky budou Va\u0161e)<br data-rich-text-line-break=\"true\" \/>Kombinace ateli\u00e9ru a exteri\u00e9ru: 500 K\u010d (doba focen\u00ed se prodlu\u017euje dle pot\u0159eby).<br data-rich-text-line-break=\"true\" \/>Focen\u00ed o v\u00edkendu: 500 K\u010d (net\u00fdk\u00e1 se k\u0159tin).<\/pre>\r\n\r\n<div class=\"wp-block-columns is-layout-flex wp-container-core-columns-is-layout-9d6595d7 wp-block-columns-is-layout-flex\">\r\n<div class=\"wp-block-column is-vertically-aligned-center is-layout-flow wp-block-column-is-layout-flow\" style=\"flex-basis: 100%;\">\u00a0<\/div>\r\n<\/div>\r\n\r\n\r\n\r\n<figure class=\"wp-block-image size-large is-resized is-style-default\"><img loading=\"lazy\" decoding=\"async\" class=\"wp-image-1543\" src=\"http:\/\/www2.musilova.net\/wp-content\/uploads\/narozeniny1-1-1024x492.jpg\" alt=\"\" width=\"1027\" height=\"491\" \/><\/figure>\r\n\r\n\r\n\r\n<p>&nbsp;<\/p>\r\n\r\n\r\n\r\n<figure class=\"wp-block-image size-large is-style-default\"><img loading=\"lazy\" decoding=\"async\" width=\"1024\" height=\"417\" class=\"wp-image-1555\" src=\"http:\/\/www2.musilova.net\/wp-content\/uploads\/20200312_Cigankova_rodinne-1024x417.jpg\" alt=\"\" srcset=\"https:\/\/www.musilova.net\/wp-content\/uploads\/20200312_Cigankova_rodinne-1024x417.jpg 1024w, https:\/\/www.musilova.net\/wp-content\/uploads\/20200312_Cigankova_rodinne-300x122.jpg 300w, https:\/\/www.musilova.net\/wp-content\/uploads\/20200312_Cigankova_rodinne-768x312.jpg 768w, https:\/\/www.musilova.net\/wp-content\/uploads\/20200312_Cigankova_rodinne-1536x625.jpg 1536w, https:\/\/www.musilova.net\/wp-content\/uploads\/20200312_Cigankova_rodinne-2048x833.jpg 2048w\" sizes=\"auto, (max-width: 1024px) 100vw, 1024px\" \/><\/figure>\r\n\r\n\r\n\r\n<figure class=\"wp-block-image size-large is-style-default\"><img loading=\"lazy\" decoding=\"async\" width=\"1024\" height=\"704\" class=\"wp-image-1550\" src=\"http:\/\/www2.musilova.net\/wp-content\/uploads\/krtiny_Sam-1024x704.jpg\" alt=\"\" srcset=\"https:\/\/www.musilova.net\/wp-content\/uploads\/krtiny_Sam-1024x704.jpg 1024w, https:\/\/www.musilova.net\/wp-content\/uploads\/krtiny_Sam-300x206.jpg 300w, https:\/\/www.musilova.net\/wp-content\/uploads\/krtiny_Sam-768x528.jpg 768w, https:\/\/www.musilova.net\/wp-content\/uploads\/krtiny_Sam-1536x1056.jpg 1536w, https:\/\/www.musilova.net\/wp-content\/uploads\/krtiny_Sam-2048x1408.jpg 2048w, https:\/\/www.musilova.net\/wp-content\/uploads\/krtiny_Sam-758x520.jpg 758w\" sizes=\"auto, (max-width: 1024px) 100vw, 1024px\" \/><\/figure>\r\n","protected":false},"excerpt":{"rendered":"<p>&nbsp; &nbsp; Oslavy a k\u0159tiny 5500 K\u010d D\u00e9lka focen\u00ed do 1,5 &#8211; 2 hodiny na&#8230;<\/p>\n","protected":false},"author":1,"featured_media":2160,"parent":0,"menu_order":0,"comment_status":"closed","ping_status":"closed","template":"","meta":{"footnotes":""},"class_list":["post-1517","page","type-page","status-publish","has-post-thumbnail","hentry"],"_links":{"self":[{"href":"https:\/\/www.musilova.net\/index.php?rest_route=\/wp\/v2\/pages\/1517","targetHints":{"allow":["GET"]}}],"collection":[{"href":"https:\/\/www.musilova.net\/index.php?rest_route=\/wp\/v2\/pages"}],"about":[{"href":"https:\/\/www.musilova.net\/index.php?rest_route=\/wp\/v2\/types\/page"}],"author":[{"embeddable":true,"href":"https:\/\/www.musilova.net\/index.php?rest_route=\/wp\/v2\/users\/1"}],"replies":[{"embeddable":true,"href":"https:\/\/www.musilova.net\/index.php?rest_route=%2Fwp%2Fv2%2Fcomments&post=1517"}],"version-history":[{"count":75,"href":"https:\/\/www.musilova.net\/index.php?rest_route=\/wp\/v2\/pages\/1517\/revisions"}],"predecessor-version":[{"id":3206,"href":"https:\/\/www.musilova.net\/index.php?rest_route=\/wp\/v2\/pages\/1517\/revisions\/3206"}],"wp:featuredmedia":[{"embeddable":true,"href":"https:\/\/www.musilova.net\/index.php?rest_route=\/wp\/v2\/media\/2160"}],"wp:attachment":[{"href":"https:\/\/www.musilova.net\/index.php?rest_route=%2Fwp%2Fv2%2Fmedia&parent=1517"}],"curies":[{"name":"wp","href":"https:\/\/api.w.org\/{rel}","templated":true}]}}