{"id":1499,"date":"2021-01-24T10:46:00","date_gmt":"2021-01-24T08:46:00","guid":{"rendered":"http:\/\/www2.musilova.net\/?page_id=1499"},"modified":"2022-07-21T08:49:15","modified_gmt":"2022-07-21T06:49:15","slug":"svatebni-cenik","status":"publish","type":"page","link":"https:\/\/www.musilova.net\/?page_id=1499","title":{"rendered":"Svatebn\u00ed cen\u00edk"},"content":{"rendered":"<h1>Podrobn\u00fd cen\u00edk za\u0161lu na vy\u017e\u00e1d\u00e1n\u00ed.<\/h1>\n<p>Mo\u017enost domluvy jenom p\u016fldenn\u00edho focen\u00ed nebo pouze ob\u0159adu a spole\u010dn\u00e9ho focen\u00ed. V p\u0159\u00edpad\u011b vzd\u00e1len\u011bj\u0161\u00edho m\u00edsta svatby je cestovn\u00e9 10 K\u010d\/km (nad 50 km od m\u00edsta m\u00e9ho bydli\u0161t\u011b, po\u010d\u00edt\u00e1no tam i zp\u011bt).<\/p>\n<p>\u00a0<\/p>\n<p>Nejrad\u011bji v\u0161ak zachyt\u00edm cel\u00fd den, kdy vznikne ucelen\u00fd p\u0159\u00edb\u011bh v\u010detn\u011b d\u016fle\u017eit\u00fdch moment\u016f od za\u010d\u00e1tku a\u017e do konce. Fot\u00edm momenty, emoce a p\u0159irozen\u00e9 fotky v report\u00e1\u017en\u00edm stylu a samoz\u0159ejm\u011b portr\u00e9tn\u00ed spole\u010dn\u00e9 fotografie. Na konci dne to bude v\u0161e d\u00e1vat kompletn\u00ed fotoreport\u00e1\u017e, kter\u00e1 V\u00e1m p\u0159ipomene V\u00e1\u0161 velk\u00fd den a\u017e do posledn\u00edho detailu .<\/p>\n<p>\u00a0<\/p>\n\n\n<div class=\"wp-block-buttons is-layout-flex wp-block-buttons-is-layout-flex\">\n<div class=\"wp-block-button\"><a class=\"wp-block-button__link\" href=\"http:\/\/www.musilova.net\/?portfolio=svatby\">FOTOGALERIE<\/a><\/div>\n<\/div>\n\n\n\n<p><\/p>\n","protected":false},"excerpt":{"rendered":"<p>Podrobn\u00fd cen\u00edk za\u0161lu na vy\u017e\u00e1d\u00e1n\u00ed. Mo\u017enost domluvy jenom p\u016fldenn\u00edho focen\u00ed nebo pouze ob\u0159adu a spole\u010dn\u00e9ho&#8230;<\/p>\n","protected":false},"author":1,"featured_media":1050,"parent":0,"menu_order":0,"comment_status":"closed","ping_status":"closed","template":"","meta":{"footnotes":""},"class_list":["post-1499","page","type-page","status-publish","has-post-thumbnail","hentry"],"_links":{"self":[{"href":"https:\/\/www.musilova.net\/index.php?rest_route=\/wp\/v2\/pages\/1499","targetHints":{"allow":["GET"]}}],"collection":[{"href":"https:\/\/www.musilova.net\/index.php?rest_route=\/wp\/v2\/pages"}],"about":[{"href":"https:\/\/www.musilova.net\/index.php?rest_route=\/wp\/v2\/types\/page"}],"author":[{"embeddable":true,"href":"https:\/\/www.musilova.net\/index.php?rest_route=\/wp\/v2\/users\/1"}],"replies":[{"embeddable":true,"href":"https:\/\/www.musilova.net\/index.php?rest_route=%2Fwp%2Fv2%2Fcomments&post=1499"}],"version-history":[{"count":20,"href":"https:\/\/www.musilova.net\/index.php?rest_route=\/wp\/v2\/pages\/1499\/revisions"}],"predecessor-version":[{"id":2782,"href":"https:\/\/www.musilova.net\/index.php?rest_route=\/wp\/v2\/pages\/1499\/revisions\/2782"}],"wp:featuredmedia":[{"embeddable":true,"href":"https:\/\/www.musilova.net\/index.php?rest_route=\/wp\/v2\/media\/1050"}],"wp:attachment":[{"href":"https:\/\/www.musilova.net\/index.php?rest_route=%2Fwp%2Fv2%2Fmedia&parent=1499"}],"curies":[{"name":"wp","href":"https:\/\/api.w.org\/{rel}","templated":true}]}}