{"id":1432,"date":"2021-01-23T23:07:49","date_gmt":"2021-01-23T21:07:49","guid":{"rendered":"http:\/\/www2.musilova.net\/?page_id=1432"},"modified":"2026-04-16T08:24:46","modified_gmt":"2026-04-16T06:24:46","slug":"boudoir-glamour","status":"publish","type":"page","link":"https:\/\/www.musilova.net\/?page_id=1432","title":{"rendered":"Boudoir\/Glamour"},"content":{"rendered":"<blockquote>\r\n<h1>4000 K\u010d<\/h1>\r\n<\/blockquote>\r\n<hr \/>\r\n<p>P\u0159\u00edprava viz\u00e1\u017eistkou &#8211; profesion\u00e1ln\u00ed make-up a \u00faprava \u00fa\u010desu (po p\u0159edchoz\u00ed domluve je mo\u017enost b\u011bhem prvn\u00ed s\u00e9rie focen\u00ed si nechat zv\u00fdraznit l\u00ed\u010den\u00ed) &#8211; 1600 K\u010d (cenu je pot\u0159eba v\u017edy ov\u011b\u0159it dle aktu\u00e1ln\u00edho cen\u00edku).<\/p>\r\n<p>D\u00e9lka focen\u00ed cca 1 &#8211; 1,5 hodiny.<\/p>\r\n<p>Fot\u00ed se v m\u00e9m ateli\u00e9ru v Pustim\u011b\u0159i, ale je mo\u017en\u00fd jin\u00fd pron\u00e1jem hotelu nebo ateli\u00e9ru vhodn\u00e9ho pro tento typ focen\u00ed.<\/p>\r\n<p>10 ks upraven\u00fdch a vyretu\u0161ovan\u00fdch fotografi\u00ed v barevn\u00e9 i \u010dernob\u00edl\u00e9 verzi.<\/p>\r\n<p>Fotografie v pln\u00e9m rozli\u0161en\u00ed a rozli\u0161en\u00ed na web.<\/p>\r\n<p>Vlastn\u00ed v\u00fdb\u011br z n\u00e1hled\u016f.<\/p>\r\n<p>Fotky nav\u00edc 300 K\u010d\/ks.<\/p>\r\n<p>&nbsp;<\/p>\r\n<h2>Doporu\u010den\u00e9 oble\u010den\u00ed<\/h2>\r\n\r\n<p>Spodn\u00ed krajkov\u00e9 pr\u00e1dlo ve v\u00edce barv\u00e1ch, body, ko\u0161ilky, zavazovac\u00ed svet\u0159\u00edk, p\u00e1nskou ko\u0161ili, lodi\u010dky a \u0161perky.<\/p>\r\n\r\n\r\n<hr class=\"wp-block-separator has-css-opacity is-style-wide\" \/>\r\n\r\n\r\n<p>&nbsp;<\/p>\r\n\r\n<pre><span style=\"color: #ffffff;\">NADSTANDARDN\u00cd SLU\u017dBY<\/span><br \/><br \/>Dopravn\u00e9 \u010din\u00ed 15 K\u010d\/km (v okol\u00ed do 15 km od m\u00edsta m\u00e9ho bydli\u0161t\u011b si dopravn\u00e9 ne\u00fa\u010dtuji).<br \/><br \/>Pokro\u010dil\u00e1 retu\u0161 = odstran\u011bn\u00ed tetov\u00e1n\u00ed, ze\u0161t\u00edhlen\u00ed, odstran\u011bn\u00ed vr\u00e1sek a pod. za 200 K\u010d\/ks<br \/><br \/>Focen\u00ed o v\u00edkendu: 1000 K\u010d<\/pre>\r\n\r\n<p>&nbsp;<\/p>\r\n\r\n\r\n\r\n<div class=\"wp-block-buttons is-layout-flex wp-block-buttons-is-layout-flex\">\r\n<div class=\"wp-block-button\"><a class=\"wp-block-button__link wp-element-button\" href=\"http:\/\/www.musilova.net\/?portfolio=budoir-glamour\">FOTOGALERIE<\/a><\/div>\r\n<\/div>\r\n\r\n\r\n\r\n<p>&nbsp;<\/p>\r\n\r\n\r\n\r\n<p>&nbsp;<\/p>\r\n\r\n\r\n\r\n<p>&nbsp;<\/p>\r\n","protected":false},"excerpt":{"rendered":"<p>4000 K\u010d P\u0159\u00edprava viz\u00e1\u017eistkou &#8211; profesion\u00e1ln\u00ed make-up a \u00faprava \u00fa\u010desu (po p\u0159edchoz\u00ed domluve je mo\u017enost&#8230;<\/p>\n","protected":false},"author":1,"featured_media":2008,"parent":0,"menu_order":0,"comment_status":"closed","ping_status":"closed","template":"","meta":{"footnotes":""},"class_list":["post-1432","page","type-page","status-publish","has-post-thumbnail","hentry"],"_links":{"self":[{"href":"https:\/\/www.musilova.net\/index.php?rest_route=\/wp\/v2\/pages\/1432","targetHints":{"allow":["GET"]}}],"collection":[{"href":"https:\/\/www.musilova.net\/index.php?rest_route=\/wp\/v2\/pages"}],"about":[{"href":"https:\/\/www.musilova.net\/index.php?rest_route=\/wp\/v2\/types\/page"}],"author":[{"embeddable":true,"href":"https:\/\/www.musilova.net\/index.php?rest_route=\/wp\/v2\/users\/1"}],"replies":[{"embeddable":true,"href":"https:\/\/www.musilova.net\/index.php?rest_route=%2Fwp%2Fv2%2Fcomments&post=1432"}],"version-history":[{"count":54,"href":"https:\/\/www.musilova.net\/index.php?rest_route=\/wp\/v2\/pages\/1432\/revisions"}],"predecessor-version":[{"id":3209,"href":"https:\/\/www.musilova.net\/index.php?rest_route=\/wp\/v2\/pages\/1432\/revisions\/3209"}],"wp:featuredmedia":[{"embeddable":true,"href":"https:\/\/www.musilova.net\/index.php?rest_route=\/wp\/v2\/media\/2008"}],"wp:attachment":[{"href":"https:\/\/www.musilova.net\/index.php?rest_route=%2Fwp%2Fv2%2Fmedia&parent=1432"}],"curies":[{"name":"wp","href":"https:\/\/api.w.org\/{rel}","templated":true}]}}