{"id":1428,"date":"2021-01-23T22:48:44","date_gmt":"2021-01-23T20:48:44","guid":{"rendered":"http:\/\/www2.musilova.net\/?page_id=1428"},"modified":"2026-04-16T08:40:04","modified_gmt":"2026-04-16T06:40:04","slug":"rande-pary-cenik","status":"publish","type":"page","link":"https:\/\/www.musilova.net\/?page_id=1428","title":{"rendered":"Rande\/p\u00e1ry &#8211; Cen\u00edk"},"content":{"rendered":"<h1>3500 K\u010d<\/h1>\r\n<hr \/>\r\n<p>D\u00e9lka focen\u00ed cca 1 hodinu.<br \/>10 ks upraven\u00fdch fotografi\u00ed v barevn\u00e9 i \u010dernob\u00edl\u00e9 verzi.<br \/>Fotografie v pln\u00e9m rozli\u0161en\u00ed a rozli\u0161en\u00ed pro web.<br \/>Vlastn\u00ed v\u00fdb\u011br z n\u00e1hled\u016f.<br \/>Mo\u017enost dokoupen\u00ed fotografi\u00ed nav\u00edc za 250 K\u010d\/ks<\/p>\r\n\r\n<h3 class=\"wp-block-heading\">Doporu\u010den\u00e9 oble\u010den\u00ed:<\/h3>\r\n\r\n\r\n\r\n<p>Ide\u00e1ln\u00ed je se sladit do podobn\u00fdch odst\u00edn\u016f. Pokud chcete jemn\u00e9 fotky, tak doporu\u010duji pastelov\u00e9 odst\u00edny. Oble\u010den\u00ed bez obr\u00e1zk\u016f a n\u00e1pis\u016f. Neonovou a oran\u017eovou barvu pros\u00edm vynechte. V\u00fdrazn\u00e9 \u0159et\u00edzky a hodinky doporu\u010dji p\u0159ed focen\u00edm sundat. Na focen\u00ed p\u0159ivezte v\u00edce variant, spole\u010dn\u011b pak vybereme.<\/p>\r\n\r\n\r\n\r\n<p>&nbsp;<\/p>\r\n\r\n\r\n<hr class=\"wp-block-separator has-css-opacity is-style-wide\" \/>\r\n\r\n\r\n<p>&nbsp;<\/p>\r\n\r\n<pre id=\"block-8b9d925e-d5f6-4e0e-bc84-4c9676743e14\" class=\"block-editor-rich-text__editable wp-block-preformatted block-editor-block-list__block wp-block is-selected is-hovered rich-text\" tabindex=\"0\" role=\"group\" aria-multiline=\"true\" aria-label=\"Blok: Vlastn\u00ed form\u00e1tov\u00e1n\u00ed\" data-block=\"8b9d925e-d5f6-4e0e-bc84-4c9676743e14\" data-type=\"core\/preformatted\" data-title=\"Vlastn\u00ed form\u00e1tov\u00e1n\u00ed\"><span style=\"color: #ffffff;\">NADSTANDARDN\u00cd SLU\u017dBY<\/span><br \/><br \/>Dopravn\u00e9 \u010din\u00ed 15 K\u010d\/km (v okol\u00ed do 15 km od m\u00edsta m\u00e9ho bydli\u0161t\u011b si dopravn\u00e9 ne\u00fa\u010dtuji).<br data-rich-text-line-break=\"true\" \/><br data-rich-text-line-break=\"true\" \/>Pokro\u010dil\u00e1 retu\u0161 = odstran\u011bn\u00ed osoby, odstran\u011bn\u00ed tetov\u00e1n\u00ed, ze\u0161t\u00edhlen\u00ed, odstran\u011bn\u00ed vr\u00e1sek a pod. za 200 K\u010d\/ks.<br data-rich-text-line-break=\"true\" \/><br data-rich-text-line-break=\"true\" \/>Kombinace ateli\u00e9ru a exteri\u00e9ru: 500 K\u010d (doba focen\u00ed se prodlu\u017euje dle pot\u0159eby).<br data-rich-text-line-break=\"true\" \/><br data-rich-text-line-break=\"true\" \/>Focen\u00ed o v\u00edkendu: 1000 K\u010d.<\/pre>\r\n\r\n<h2 id=\"block-8d0e2126-7242-4272-aa49-42e1617b06e0\" class=\"wp-block-heading\">\u00a0<\/h2>\r\n\r\n\r\n\r\n<div class=\"wp-block-buttons is-layout-flex wp-block-buttons-is-layout-flex\">\r\n<div class=\"wp-block-button\"><a class=\"wp-block-button__link wp-element-button\" href=\"http:\/\/www.musilova.net\/?portfolio=rande-pary\">FOTOGALERIE<\/a><\/div>\r\n<\/div>\r\n\r\n\r\n\r\n<p>&nbsp;<\/p>\r\n","protected":false},"excerpt":{"rendered":"<p>3500 K\u010d D\u00e9lka focen\u00ed cca 1 hodinu.10 ks upraven\u00fdch fotografi\u00ed v barevn\u00e9 i \u010dernob\u00edl\u00e9 verzi.Fotografie&#8230;<\/p>\n","protected":false},"author":1,"featured_media":2067,"parent":0,"menu_order":0,"comment_status":"closed","ping_status":"closed","template":"","meta":{"footnotes":""},"class_list":["post-1428","page","type-page","status-publish","has-post-thumbnail","hentry"],"_links":{"self":[{"href":"https:\/\/www.musilova.net\/index.php?rest_route=\/wp\/v2\/pages\/1428","targetHints":{"allow":["GET"]}}],"collection":[{"href":"https:\/\/www.musilova.net\/index.php?rest_route=\/wp\/v2\/pages"}],"about":[{"href":"https:\/\/www.musilova.net\/index.php?rest_route=\/wp\/v2\/types\/page"}],"author":[{"embeddable":true,"href":"https:\/\/www.musilova.net\/index.php?rest_route=\/wp\/v2\/users\/1"}],"replies":[{"embeddable":true,"href":"https:\/\/www.musilova.net\/index.php?rest_route=%2Fwp%2Fv2%2Fcomments&post=1428"}],"version-history":[{"count":49,"href":"https:\/\/www.musilova.net\/index.php?rest_route=\/wp\/v2\/pages\/1428\/revisions"}],"predecessor-version":[{"id":3213,"href":"https:\/\/www.musilova.net\/index.php?rest_route=\/wp\/v2\/pages\/1428\/revisions\/3213"}],"wp:featuredmedia":[{"embeddable":true,"href":"https:\/\/www.musilova.net\/index.php?rest_route=\/wp\/v2\/media\/2067"}],"wp:attachment":[{"href":"https:\/\/www.musilova.net\/index.php?rest_route=%2Fwp%2Fv2%2Fmedia&parent=1428"}],"curies":[{"name":"wp","href":"https:\/\/api.w.org\/{rel}","templated":true}]}}