{"id":1340,"date":"2021-01-23T20:44:31","date_gmt":"2021-01-23T18:44:31","guid":{"rendered":"http:\/\/www2.musilova.net\/?page_id=1340"},"modified":"2026-04-16T08:22:51","modified_gmt":"2026-04-16T06:22:51","slug":"newborn-foceni-cenik","status":"publish","type":"page","link":"https:\/\/www.musilova.net\/?page_id=1340","title":{"rendered":"Newborn focen\u00ed"},"content":{"rendered":"\r\n<h1 class=\"wp-block-heading ticss-d6269876\">Cena 4500 K\u010d<\/h1>\r\n\r\n\r\n<hr class=\"wp-block-separator has-css-opacity is-style-wide\" \/>\r\n<p>10 ks upraven\u00fdch fotografi\u00ed v barevn\u00e9 i \u010dernob\u00edl\u00e9 verzi.<br \/>D\u00e9lka focen\u00ed 1-2 hodiny dle n\u00e1ro\u010dnosti miminka.<br \/>Fot\u00ed se do 14-ti dn\u016f od narozen\u00ed miminka.<br \/>Fot\u00ed se miminko samotn\u00e9, s rodi\u010di i sourozenci.<br \/>Fotografie v pln\u00e9m rozli\u0161en\u00ed a rozli\u0161en\u00ed pro web.<br data-rich-text-line-break=\"true\" \/>Vlastn\u00ed v\u00fdb\u011br z n\u00e1hled\u016f.<br data-rich-text-line-break=\"true\" \/>Mo\u017enost dokoupen\u00ed fotografi\u00ed nav\u00edc za 300 K\u010d\/ks<\/p>\r\n\r\n<pre class=\"wp-block-preformatted\"><strong>Toto focen\u00ed pros\u00edm objedn\u00e1vejte nejl\u00e9pe je\u0161t\u011b v t\u011bhotenstv\u00ed.<\/strong><\/pre>\r\n\r\n\r\n\r\n<p>&nbsp;<\/p>\r\n\r\n\r\n\r\n<p>Novorozeneck\u00e9 oble\u010dky, \u010delenky a v\u0161e pot\u0159ebn\u00e9 m\u00e1m v ateli\u00e9ru k dispozici. Pokud m\u00e1te ur\u010ditou p\u0159edstavu, tak mn\u011b ji napi\u0161te, a ur\u010dit\u011b se domluv\u00edme, jinak v\u0161e lad\u00edm dle sebe.<\/p>\r\n\r\n\r\n\r\n<p>&nbsp;<\/p>\r\n\r\n\r\n\r\n<p><br \/>Zam\u011b\u0159uji se na p\u0159irozen\u00e9 fotky v n\u00e1ru\u010d\u00ed a na posteli, kter\u00e1 je k dispozici v ateli\u00e9ru. Nen\u00ed nutn\u00e9, aby miminko usnulo, sta\u010d\u00ed kdy je klidn\u00e9, a proto se b\u011bhem focen\u00ed i v\u00edce krm\u00ed.<\/p>\r\n\r\n\r\n\r\n<p>&nbsp;<\/p>\r\n\r\n<p>Pro hladk\u00fd pr\u016fb\u011bh focen\u00ed se pokuste sm\u011b\u0159ovat krmen\u00ed t\u011bsn\u011b p\u0159ed dobu focen\u00ed, aby m\u011blo pln\u00e9 b\u0159\u00ed\u0161ko a bylo co nejv\u00edc spokojen\u00e9. V p\u0159\u00edpad\u011b, \u017ee je miminko pla\u010dtiv\u00e9 ji\u017e od narozen\u00ed, tak pros\u00edm focen\u00ed miminka zva\u017ete.<\/p>\r\n\r\n<p>&nbsp;<\/p>\r\n\r\n\r\n\r\n<p>Doporu\u010den\u00e9 oble\u010den\u00ed: miminko se bude fotit v\u011bt\u0161inou nah\u00e9 (kdy\u017e mu to bude p\u0159\u00edjemn\u00e9) nebo v oble\u010dku\/wrapu z ateli\u00e9ru s p\u0159ipraven\u00fdmi rekvizitami. Oba rodi\u010de dostatek variant na oble\u010den\u00ed (doporu\u010duji i jednu variantu b\u00edlou nebo \u010dernou). Nezapome\u0148te na n\u00e1hradn\u00ed oble\u010den\u00ed pro sebe, proto\u017ee p\u0159i spole\u010dn\u00e9m focen\u00ed nez\u016fstane nit such\u00e1.<\/p>\r\n\r\n\r\n\r\n<p>&nbsp;<\/p>\r\n\r\n\r\n\r\n<p>Focen\u00ed se opravdu m\u016f\u017ee n\u011bkdy prot\u00e1hnout na 1-2 hodiny, tak\u017ee na to pros\u00edm p\u0159ipravte tat\u00ednka i sourozence (s sebou pit\u00ed, sva\u010dinku, hra\u010dku), a nebo je po spole\u010dn\u00e9m focen\u00ed m\u016f\u017eete vyslat na proch\u00e1zku nebo t\u0159eba nakoupit.<\/p>\r\n\r\n\r\n\r\n<p>&nbsp;<\/p>\r\n\r\n\r\n\r\n<p>S sebou: p\u0159ebalovac\u00ed podlo\u017eky, pl\u00e1t\u011bnou pl\u00ednku na nehody, dudl\u00edk, i kdy\u017e ho nepou\u017e\u00edv\u00e1te, tak ho pros\u00edm vezm\u011bte s sebou, velmi to uleh\u010d\u00ed usp\u00e1v\u00e1n\u00ed miminka (nebojte, za t\u011bch p\u00e1r hodin si n\u011bj opravdu nezvykne), kosmetiku pro miminko nebo kapi\u010dky do o\u010d\u00ed, pokud pot\u0159ebujete.<\/p>\r\n\r\n\r\n\r\n<p>&nbsp;<\/p>\r\n\r\n\r\n\r\n<pre id=\"block-352ea490-6b2c-455d-8fad-615050f13846\" class=\"wp-block-preformatted\"><strong>NADSTANDARDN\u00cd SLU\u017dBY<\/strong>\r\n\r\nPokro\u010dil\u00e1 retu\u0161 = odstran\u011bn\u00ed pup\u00ednk\u016f nebo \u0161upinek po cel\u00e9m t\u011ble, cena 200 K\u010d\/ks, ale klidn\u011b volejte a probereme to).\r\n\r\nKol\u00e1\u017e detail\u016f miminka s \u00fadaji o narozen\u00ed - cena 500 K\u010d. (Nutno se domluvit dop\u0159edu na nafocen\u00ed detail\u016f).\r\n\r\nFocen\u00ed o v\u00edkendu: 1000 K\u010d.\r\n<\/pre>\r\n\r\n\r\n\r\n<p>&nbsp;<\/p>\r\n\r\n\r\n\r\n<div class=\"wp-block-buttons is-layout-flex wp-block-buttons-is-layout-flex\">\r\n<div class=\"wp-block-button is-style-fill\"><a class=\"wp-block-button__link wp-element-button\" href=\"http:\/\/www.musilova.net\/?portfolio=newborn\">FOTOGALERIE<\/a><\/div>\r\n<\/div>\r\n\r\n\r\n\r\n<p>&nbsp;<\/p>\r\n\r\n\r\n\r\n<p>&nbsp;<\/p>\r\n\r\n\r\n\r\n<p>&nbsp;<\/p>\r\n\r\n\r\n\r\n<p>&nbsp;<\/p>\r\n\r\n\r\n\r\n<p class=\"has-color-black-color has-text-color\">\u00a0<\/p>\r\n","protected":false},"excerpt":{"rendered":"<p>Cena 4500 K\u010d 10 ks upraven\u00fdch fotografi\u00ed v barevn\u00e9 i \u010dernob\u00edl\u00e9 verzi.D\u00e9lka focen\u00ed 1-2 hodiny&#8230;<\/p>\n","protected":false},"author":1,"featured_media":998,"parent":0,"menu_order":0,"comment_status":"closed","ping_status":"closed","template":"","meta":{"footnotes":""},"class_list":["post-1340","page","type-page","status-publish","has-post-thumbnail","hentry"],"_links":{"self":[{"href":"https:\/\/www.musilova.net\/index.php?rest_route=\/wp\/v2\/pages\/1340","targetHints":{"allow":["GET"]}}],"collection":[{"href":"https:\/\/www.musilova.net\/index.php?rest_route=\/wp\/v2\/pages"}],"about":[{"href":"https:\/\/www.musilova.net\/index.php?rest_route=\/wp\/v2\/types\/page"}],"author":[{"embeddable":true,"href":"https:\/\/www.musilova.net\/index.php?rest_route=\/wp\/v2\/users\/1"}],"replies":[{"embeddable":true,"href":"https:\/\/www.musilova.net\/index.php?rest_route=%2Fwp%2Fv2%2Fcomments&post=1340"}],"version-history":[{"count":67,"href":"https:\/\/www.musilova.net\/index.php?rest_route=\/wp\/v2\/pages\/1340\/revisions"}],"predecessor-version":[{"id":3204,"href":"https:\/\/www.musilova.net\/index.php?rest_route=\/wp\/v2\/pages\/1340\/revisions\/3204"}],"wp:featuredmedia":[{"embeddable":true,"href":"https:\/\/www.musilova.net\/index.php?rest_route=\/wp\/v2\/media\/998"}],"wp:attachment":[{"href":"https:\/\/www.musilova.net\/index.php?rest_route=%2Fwp%2Fv2%2Fmedia&parent=1340"}],"curies":[{"name":"wp","href":"https:\/\/api.w.org\/{rel}","templated":true}]}}