{"id":1271,"date":"2021-01-23T16:41:15","date_gmt":"2021-01-23T14:41:15","guid":{"rendered":"http:\/\/www2.musilova.net\/?page_id=1271"},"modified":"2026-04-16T08:41:39","modified_gmt":"2026-04-16T06:41:39","slug":"tehotenske-foceni-cenik","status":"publish","type":"page","link":"https:\/\/www.musilova.net\/?page_id=1271","title":{"rendered":"T\u011bhotensk\u00e9 focen\u00ed &#8211; Cen\u00edk"},"content":{"rendered":"\r\n<h1 class=\"wp-block-heading ticss-ec744e35\">Cena 3500 K\u010d<\/h1>\r\n\r\n\r\n\r\n<p>&nbsp;<\/p>\r\n\r\n\r\n<hr class=\"wp-block-separator has-css-opacity is-style-wide\" \/>\r\n<p style=\"text-align: left;\">D\u00e9lka focen\u00ed cca 1 hodinu.<br \/>10 ks upraven\u00fdch fotografi\u00ed v barevn\u00e9 i \u010dernob\u00edl\u00e9 verzi.<br \/>Fotografie v pln\u00e9m rozli\u0161en\u00ed a rozli\u0161en\u00ed pro web.<br \/>Vlastn\u00ed v\u00fdb\u011br z n\u00e1hled\u016f.<br \/>Mo\u017enost dokoupen\u00ed fotografi\u00ed nav\u00edc za 250 K\u010d\/ks<br \/>Ide\u00e1ln\u00ed doba focen\u00ed je od 34. t\u00fddne t\u011bhotenstv\u00ed.<\/p>\r\n\r\n<p>&nbsp;<\/p>\r\n\r\n\r\n\r\n<h2 class=\"wp-block-heading\"><strong>Doporu\u010den\u00e9 oble\u010den\u00ed:<\/strong><\/h2>\r\n\r\n\r\n\r\n<p>Jednobarevn\u00e9 oble\u010den\u00ed (bez obr\u00e1zk\u016f a n\u00e1pis\u016f), krajkov\u00e9 \u0161aty, jednobarevn\u00e9 upl\u00e9 tri\u010dko a d\u017e\u00edny, b\u00edl\u00e1 p\u00e1nsk\u00e1 ko\u0161ile, krajkov\u00e9 spodn\u00ed pr\u00e1dlo nebo ko\u0161ilka. V p\u0159\u00edpad\u011b, \u017ee se chcete fotit s partnerem, tak myslete na slad\u011bn\u00ed. Mo\u017enost zap\u016fj\u010den\u00ed t\u011bhotensk\u00fdch \u0161at\u016f speci\u00e1ln\u011b \u0161it\u00fdch na focen\u00ed po p\u0159edchoz\u00ed domluv\u011b zdarma.<\/p>\r\n\r\n\r\n\r\n<p>&nbsp;<\/p>\r\n\r\n\r\n<hr class=\"wp-block-separator has-css-opacity is-style-wide\" \/>\r\n\r\n\r\n<p>&nbsp;<\/p>\r\n\r\n\r\n\r\n<p>&nbsp;<\/p>\r\n\r\n<pre id=\"block-d31c2b81-dea6-4899-b89e-f305001713c4\" class=\"block-editor-rich-text__editable wp-block-preformatted block-editor-block-list__block wp-block is-selected rich-text\" tabindex=\"0\" role=\"group\" contenteditable=\"true\" aria-multiline=\"true\" aria-label=\"Blok: Vlastn\u00ed form\u00e1tov\u00e1n\u00ed\" data-block=\"d31c2b81-dea6-4899-b89e-f305001713c4\" data-type=\"core\/preformatted\" data-title=\"Vlastn\u00ed form\u00e1tov\u00e1n\u00ed\"><span style=\"color: #ffffff;\">NADSTANDARDN\u00cd SLU\u017dBY<\/span><br data-rich-text-line-break=\"true\" \/><br data-rich-text-line-break=\"true\" \/>Mo\u017enost zap\u016fj\u010den\u00ed t\u011bhotensk\u00fdch \u0161at\u016f (v\u00fdb\u011br minim\u00e1ln\u011b ze 3 ks dle domluvy).<br data-rich-text-line-break=\"true\" \/><br data-rich-text-line-break=\"true\" \/>Dopravn\u00e9 \u010din\u00ed 15 K\u010d\/km (v okol\u00ed do 15 km od m\u00edsta m\u00e9ho bydli\u0161t\u011b si dopravn\u00e9 ne\u00fa\u010dtuji).<br data-rich-text-line-break=\"true\" \/><br data-rich-text-line-break=\"true\" \/>Pokro\u010dil\u00e1 retu\u0161 = odstran\u011bn\u00ed osoby, odstran\u011bn\u00ed tetov\u00e1n\u00ed, ze\u0161t\u00edhlen\u00ed, odstran\u011bn\u00ed vr\u00e1sek a pod. za 200 K\u010d\/ks.<br data-rich-text-line-break=\"true\" \/><br data-rich-text-line-break=\"true\" \/>Kombinace ateli\u00e9ru a exteri\u00e9ru: 500 K\u010d (doba focen\u00ed se prodlu\u017euje dle pot\u0159eby).<br data-rich-text-line-break=\"true\" \/><br data-rich-text-line-break=\"true\" \/>Focen\u00ed o v\u00edkendu: 1000 K\u010d.<\/pre>\r\n\r\n<p>&nbsp;<\/p>\r\n\r\n\r\n\r\n<div class=\"wp-block-buttons is-layout-flex wp-block-buttons-is-layout-flex\">\r\n<div class=\"wp-block-button\"><a class=\"wp-block-button__link wp-element-button\" href=\"http:\/\/www.musilova.net\/?portfolio=tehotenske\">FOTOGALERIE<\/a><\/div>\r\n<\/div>\r\n\r\n\r\n<hr class=\"wp-block-separator has-css-opacity\" \/>","protected":false},"excerpt":{"rendered":"<p>Cena 3500 K\u010d &nbsp; D\u00e9lka focen\u00ed cca 1 hodinu.10 ks upraven\u00fdch fotografi\u00ed v barevn\u00e9 i&#8230;<\/p>\n","protected":false},"author":1,"featured_media":1830,"parent":0,"menu_order":0,"comment_status":"closed","ping_status":"closed","template":"","meta":{"footnotes":""},"class_list":["post-1271","page","type-page","status-publish","has-post-thumbnail","hentry"],"_links":{"self":[{"href":"https:\/\/www.musilova.net\/index.php?rest_route=\/wp\/v2\/pages\/1271","targetHints":{"allow":["GET"]}}],"collection":[{"href":"https:\/\/www.musilova.net\/index.php?rest_route=\/wp\/v2\/pages"}],"about":[{"href":"https:\/\/www.musilova.net\/index.php?rest_route=\/wp\/v2\/types\/page"}],"author":[{"embeddable":true,"href":"https:\/\/www.musilova.net\/index.php?rest_route=\/wp\/v2\/users\/1"}],"replies":[{"embeddable":true,"href":"https:\/\/www.musilova.net\/index.php?rest_route=%2Fwp%2Fv2%2Fcomments&post=1271"}],"version-history":[{"count":191,"href":"https:\/\/www.musilova.net\/index.php?rest_route=\/wp\/v2\/pages\/1271\/revisions"}],"predecessor-version":[{"id":3215,"href":"https:\/\/www.musilova.net\/index.php?rest_route=\/wp\/v2\/pages\/1271\/revisions\/3215"}],"wp:featuredmedia":[{"embeddable":true,"href":"https:\/\/www.musilova.net\/index.php?rest_route=\/wp\/v2\/media\/1830"}],"wp:attachment":[{"href":"https:\/\/www.musilova.net\/index.php?rest_route=%2Fwp%2Fv2%2Fmedia&parent=1271"}],"curies":[{"name":"wp","href":"https:\/\/api.w.org\/{rel}","templated":true}]}}