{"id":1244,"date":"2021-01-23T16:20:12","date_gmt":"2021-01-23T14:20:12","guid":{"rendered":"http:\/\/www2.musilova.net\/?page_id=1244"},"modified":"2026-04-16T08:24:12","modified_gmt":"2026-04-16T06:24:12","slug":"cenik-rodinne-foceni","status":"publish","type":"page","link":"https:\/\/www.musilova.net\/?page_id=1244","title":{"rendered":"Rodina a d\u011bti"},"content":{"rendered":"<blockquote>\r\n<h1 style=\"padding-left: 40px;\">Cena 3500 K\u010d<\/h1>\r\n<\/blockquote>\r\n<hr \/>\r\n<p>D\u00e9lka focen\u00ed cca 1 hodinu.<br \/>10 ks upraven\u00fdch fotografi\u00ed v barevn\u00e9 i \u010dernob\u00edl\u00e9 verzi.<br \/>Fotografie v pln\u00e9m rozli\u0161en\u00ed a rozli\u0161en\u00ed pro web.<br \/>Vlastn\u00ed v\u00fdb\u011br z n\u00e1hled\u016f.<br \/>Mo\u017enost dokoupen\u00ed fotografi\u00ed nav\u00edc za 250 K\u010d\/ks<\/p>\r\n\r\n<p><strong>D\u00e1rkov\u00fd poukaz lze vyzvednout osobn\u011b nebo zaslat online. Cena za poukaz Focen\u00ed s vnou\u010d\u00e1tky je 4000,- a stejn\u00e9 podm\u00ednky jako u rodinn\u00e9ho focen\u00ed.<\/strong><\/p>\r\n\r\n\r\n\r\n<h1 class=\"wp-block-heading\">Rodinn\u00fd dokument &#8211; Cena 7000 K\u010d<\/h1>\r\n\r\n\r\n<hr class=\"wp-block-separator has-alpha-channel-opacity is-style-wide\" \/>\r\n\r\n\r\n<p>Tento typ focen\u00ed se t\u00fdk\u00e1 zachycen\u00ed rodiny p\u0159i b\u011b\u017en\u00e9m \u017eivot\u011b m\u00fdma o\u010dima. V\u010detn\u011b Va\u0161eho domova, zahrady, dom\u00e1c\u00edch mil\u00e1\u010dk\u016f a hlavn\u011b d\u011bt\u00ed p\u0159esn\u011b takov\u00fdch jak\u00e9 je zn\u00e1te. M\u016f\u017eete nachystat nap\u0159\u00edklad op\u00e9k\u00e1n\u00ed bu\u0159t\u016f, hran\u00ed her nebo m\u00edt jen takov\u00fd b\u00e1je\u010dn\u00fd den s \u010dinnostmi, co kdo m\u00e1 r\u00e1d. Ve fotk\u00e1ch budou momentky, ale i spole\u010dn\u00e9 fotky.<\/p>\r\n\r\n\r\n\r\n<p>D\u00e9lka focen\u00ed cca 1,5 &#8211; 3 hodiny.<br \/>Minim\u00e1ln\u011b 40 ks fotografi\u00ed v \u010dernob\u00edl\u00e9 verzi &#8211; kone\u010dn\u00fd po\u010det je neomezen\u00fd. Dostanete celistv\u00fd p\u0159\u00edb\u011bh z focen\u00ed a velmi obl\u00edbenou hudebn\u00ed foto slideshow. <br \/>Fotografie v pln\u00e9m rozli\u0161en\u00ed a rozli\u0161en\u00ed pro web.<\/p>\r\n\r\n\r\n\r\n<p>&nbsp;<\/p>\r\n\r\n\r\n\r\n<h2 class=\"wp-block-heading\"><strong>Doporu\u010den\u00e9 oble\u010den\u00ed:<\/strong><\/h2>\r\n\r\n\r\n\r\n<p>Ide\u00e1ln\u00ed je se sladit do podobn\u00fdch odst\u00edn\u016f. Pokud chcete jemn\u00e9 fotky, tak doporu\u010duji pastelov\u00e9 odst\u00edny. Oble\u010den\u00ed bez obr\u00e1zk\u016f a n\u00e1pis\u016f. Neonovou a oran\u017eovou barvu pros\u00edm vynechte. V\u00fdrazn\u00e9 \u0159et\u00edzky a hodinky doporu\u010dji p\u0159ed focen\u00edm sundat. Na focen\u00ed p\u0159ivezte v\u00edce variant, spole\u010dn\u011b pak vybereme.<\/p>\r\n\r\n\r\n\r\n<p>&nbsp;<\/p>\r\n\r\n\r\n<hr class=\"wp-block-separator has-css-opacity is-style-wide\" \/>\r\n\r\n\r\n<p>&nbsp;<\/p>\r\n\r\n<pre id=\"block-8b9d925e-d5f6-4e0e-bc84-4c9676743e14\" class=\"block-editor-rich-text__editable wp-block-preformatted block-editor-block-list__block wp-block is-selected is-hovered rich-text\" tabindex=\"0\" role=\"group\" aria-multiline=\"true\" aria-label=\"Blok: Vlastn\u00ed form\u00e1tov\u00e1n\u00ed\" data-block=\"8b9d925e-d5f6-4e0e-bc84-4c9676743e14\" data-type=\"core\/preformatted\" data-title=\"Vlastn\u00ed form\u00e1tov\u00e1n\u00ed\"><span style=\"color: #ffffff;\">NADSTANDARDN\u00cd SLU\u017dBY<\/span><br data-rich-text-line-break=\"true\" \/><br data-rich-text-line-break=\"true\" \/>Dopravn\u00e9 \u010din\u00ed 15 K\u010d\/km (v okol\u00ed do 15 km od m\u00edsta m\u00e9ho bydli\u0161t\u011b si dopravn\u00e9 ne\u00fa\u010dtuji).<br data-rich-text-line-break=\"true\" \/><br data-rich-text-line-break=\"true\" \/>Pokro\u010dil\u00e1 retu\u0161 = odstran\u011bn\u00ed osoby, odstran\u011bn\u00ed tetov\u00e1n\u00ed, ze\u0161t\u00edhlen\u00ed, odstran\u011bn\u00ed vr\u00e1sek a pod. za 200 K\u010d\/ks.<br \/><br \/>V\u00edce rodin na jednom focen\u00ed: 500 K\u010d (net\u00fdk\u00e1 se Focen\u00ed s vnou\u010d\u00e1tky, doba focen\u00ed se prodlu\u017euje dle pot\u0159eby).<br data-rich-text-line-break=\"true\" \/><br data-rich-text-line-break=\"true\" \/>Kombinace ateli\u00e9ru a exteri\u00e9ru: 500 K\u010d (doba focen\u00ed se prodlu\u017euje dle pot\u0159eby).<br data-rich-text-line-break=\"true\" \/><br data-rich-text-line-break=\"true\" \/>Focen\u00ed o v\u00edkendu: 500 K\u010d.<\/pre>\r\n\r\n<div class=\"wp-block-buttons is-layout-flex wp-block-buttons-is-layout-flex\">\r\n<div class=\"wp-block-button\"><a class=\"wp-block-button__link wp-element-button\" href=\"http:\/\/www.musilova.net\/?portfolio=rodina-a-deti\">FOTOGALERIE<\/a><\/div>\r\n<\/div>\r\n","protected":false},"excerpt":{"rendered":"<p>Cena 3500 K\u010d D\u00e9lka focen\u00ed cca 1 hodinu.10 ks upraven\u00fdch fotografi\u00ed v barevn\u00e9 i \u010dernob\u00edl\u00e9&#8230;<\/p>\n","protected":false},"author":1,"featured_media":1874,"parent":694,"menu_order":0,"comment_status":"closed","ping_status":"closed","template":"","meta":{"footnotes":""},"class_list":["post-1244","page","type-page","status-publish","has-post-thumbnail","hentry"],"_links":{"self":[{"href":"https:\/\/www.musilova.net\/index.php?rest_route=\/wp\/v2\/pages\/1244","targetHints":{"allow":["GET"]}}],"collection":[{"href":"https:\/\/www.musilova.net\/index.php?rest_route=\/wp\/v2\/pages"}],"about":[{"href":"https:\/\/www.musilova.net\/index.php?rest_route=\/wp\/v2\/types\/page"}],"author":[{"embeddable":true,"href":"https:\/\/www.musilova.net\/index.php?rest_route=\/wp\/v2\/users\/1"}],"replies":[{"embeddable":true,"href":"https:\/\/www.musilova.net\/index.php?rest_route=%2Fwp%2Fv2%2Fcomments&post=1244"}],"version-history":[{"count":155,"href":"https:\/\/www.musilova.net\/index.php?rest_route=\/wp\/v2\/pages\/1244\/revisions"}],"predecessor-version":[{"id":3207,"href":"https:\/\/www.musilova.net\/index.php?rest_route=\/wp\/v2\/pages\/1244\/revisions\/3207"}],"up":[{"embeddable":true,"href":"https:\/\/www.musilova.net\/index.php?rest_route=\/wp\/v2\/pages\/694"}],"wp:featuredmedia":[{"embeddable":true,"href":"https:\/\/www.musilova.net\/index.php?rest_route=\/wp\/v2\/media\/1874"}],"wp:attachment":[{"href":"https:\/\/www.musilova.net\/index.php?rest_route=%2Fwp%2Fv2%2Fmedia&parent=1244"}],"curies":[{"name":"wp","href":"https:\/\/api.w.org\/{rel}","templated":true}]}}